{"id":9834,"date":"2021-12-23T15:25:12","date_gmt":"2021-12-23T18:25:12","guid":{"rendered":"https:\/\/quirosconsultores.com\/cr-familar-prueba2\/?page_id=9834"},"modified":"2025-07-17T19:01:05","modified_gmt":"2025-07-17T22:01:05","slug":"brochure-2024","status":"publish","type":"page","link":"https:\/\/quirosconsultores.com\/brochure-latam\/","title":{"rendered":"Presentaci\u00f3n Quir\u00f3s Consultores"},"content":{"rendered":"\t\t<div data-elementor-type=\"wp-page\" data-elementor-id=\"9834\" class=\"elementor elementor-9834\" data-elementor-post-type=\"page\">\n\t\t\t\t\t\t<section class=\"elementor-section elementor-top-section elementor-element elementor-element-6b9631c elementor-section-full_width elementor-section-height-default elementor-section-height-default\" data-id=\"6b9631c\" data-element_type=\"section\" data-e-type=\"section\">\n\t\t\t\t\t\t<div class=\"elementor-container elementor-column-gap-default\">\n\t\t\t\t\t<div class=\"elementor-column elementor-col-100 elementor-top-column elementor-element elementor-element-26659c1\" data-id=\"26659c1\" data-element_type=\"column\" data-e-type=\"column\">\n\t\t\t<div class=\"elementor-widget-wrap elementor-element-populated\">\n\t\t\t\t\t\t<div class=\"elementor-element elementor-element-3c202a6 elementor-widget elementor-widget-shortcode\" data-id=\"3c202a6\" data-element_type=\"widget\" data-e-type=\"widget\" data-widget_type=\"shortcode.default\">\n\t\t\t\t<div class=\"elementor-widget-container\">\n\t\t\t\t\t\t\t<div class=\"elementor-shortcode\"><div style=\"position: relative; width: 100%; height: 0; padding-top: 56.2500%;\n padding-bottom: 0; box-shadow: 0 2px 8px 0 rgba(63,69,81,0.16); margin-top: 1.6em; margin-bottom: 0.9em; overflow: hidden;\n border-radius: 8px; will-change: transform;\">\n  <iframe loading=\"lazy\" style=\"position: absolute; width: 100%; height: 100%; top: 0; left: 0; border: none; padding: 0;margin: 0;\"\n    src=\"https:\/\/www.canva.com\/design\/DAF5rqTIR8k\/R2gu4VRVCc0oWLGLjnJ89Q\/view?embed\" allowfullscreen=\"allowfullscreen\" allow=\"fullscreen\">\n  <\/iframe>\n<\/div>\n<a href=\"https:&#x2F;&#x2F;www.canva.com&#x2F;design&#x2F;DAF5rqTIR8k&#x2F;R2gu4VRVCc0oWLGLjnJ89Q&#x2F;view?utm_content=DAF5rqTIR8k&amp;utm_campaign=designshare&amp;utm_medium=embeds&amp;utm_source=link\" target=\"_blank\" rel=\"noopener\">WebSite Brochure 2025<\/a> de Quir\u00f3s Consultores<\/div>\n\t\t\t\t\t\t<\/div>\n\t\t\t\t<\/div>\n\t\t\t\t\t<\/div>\n\t\t<\/div>\n\t\t\t\t\t<\/div>\n\t\t<\/section>\n\t\t\t\t<section class=\"elementor-section elementor-top-section elementor-element elementor-element-240f9ca elementor-section-boxed elementor-section-height-default elementor-section-height-default\" data-id=\"240f9ca\" data-element_type=\"section\" data-e-type=\"section\">\n\t\t\t\t\t\t<div class=\"elementor-container elementor-column-gap-default\">\n\t\t\t\t\t<div class=\"elementor-column elementor-col-100 elementor-top-column elementor-element elementor-element-9c6441a\" data-id=\"9c6441a\" data-element_type=\"column\" data-e-type=\"column\">\n\t\t\t<div class=\"elementor-widget-wrap elementor-element-populated\">\n\t\t\t\t\t\t<div class=\"elementor-element elementor-element-9865c80 elementor-widget-divider--view-line elementor-widget elementor-widget-divider\" data-id=\"9865c80\" data-element_type=\"widget\" data-e-type=\"widget\" data-widget_type=\"divider.default\">\n\t\t\t\t<div class=\"elementor-widget-container\">\n\t\t\t\t\t\t\t<div class=\"elementor-divider\">\n\t\t\t<span class=\"elementor-divider-separator\">\n\t\t\t\t\t\t<\/span>\n\t\t<\/div>\n\t\t\t\t\t\t<\/div>\n\t\t\t\t<\/div>\n\t\t\t\t\t<\/div>\n\t\t<\/div>\n\t\t\t\t\t<\/div>\n\t\t<\/section>\n\t\t\t\t<section class=\"elementor-section elementor-top-section elementor-element elementor-element-11f80b6 elementor-hidden-desktop elementor-hidden-tablet elementor-hidden-mobile elementor-section-boxed elementor-section-height-default elementor-section-height-default\" data-id=\"11f80b6\" data-element_type=\"section\" data-e-type=\"section\">\n\t\t\t\t\t\t<div class=\"elementor-container elementor-column-gap-default\">\n\t\t\t\t\t<div class=\"elementor-column elementor-col-100 elementor-top-column elementor-element elementor-element-d6f3526\" data-id=\"d6f3526\" data-element_type=\"column\" data-e-type=\"column\">\n\t\t\t<div class=\"elementor-widget-wrap elementor-element-populated\">\n\t\t\t\t\t\t<div class=\"elementor-element elementor-element-2a00b03 elementor-widget elementor-widget-menu-anchor\" data-id=\"2a00b03\" data-element_type=\"widget\" data-e-type=\"widget\" data-widget_type=\"menu-anchor.default\">\n\t\t\t\t<div class=\"elementor-widget-container\">\n\t\t\t\t\t\t\t<div class=\"elementor-menu-anchor\" id=\"form\"><\/div>\n\t\t\t\t\t\t<\/div>\n\t\t\t\t<\/div>\n\t\t\t\t<div class=\"elementor-element elementor-element-6829178 elementor-widget elementor-widget-html\" data-id=\"6829178\" data-element_type=\"widget\" data-e-type=\"widget\" data-widget_type=\"html.default\">\n\t\t\t\t<div class=\"elementor-widget-container\">\n\t\t\t\t\t<script charset=\"utf-8\" type=\"text\/javascript\" src=\"\/\/js.hsforms.net\/forms\/embed\/v2.js\"><\/script>\n<script>\n  hbspt.forms.create({\n    region: \"na1\",\n    portalId: \"6547601\",\n    formId: \"172b667d-3939-4ff8-9869-a3317236dca1\"\n  });\n<\/script>\t\t\t\t<\/div>\n\t\t\t\t<\/div>\n\t\t\t\t\t<\/div>\n\t\t<\/div>\n\t\t\t\t\t<\/div>\n\t\t<\/section>\n\t\t\t\t<section class=\"elementor-section elementor-top-section elementor-element elementor-element-6e20937 elementor-section-boxed elementor-section-height-default elementor-section-height-default\" data-id=\"6e20937\" data-element_type=\"section\" data-e-type=\"section\">\n\t\t\t\t\t\t<div class=\"elementor-container elementor-column-gap-default\">\n\t\t\t\t\t<div class=\"elementor-column elementor-col-100 elementor-top-column elementor-element elementor-element-35506b7\" data-id=\"35506b7\" data-element_type=\"column\" data-e-type=\"column\">\n\t\t\t<div class=\"elementor-widget-wrap elementor-element-populated\">\n\t\t\t\t\t\t<div class=\"elementor-element elementor-element-a376e03 elementor-widget-divider--separator-type-pattern elementor-widget-divider--view-line elementor-widget elementor-widget-divider\" data-id=\"a376e03\" data-element_type=\"widget\" data-e-type=\"widget\" data-widget_type=\"divider.default\">\n\t\t\t\t<div class=\"elementor-widget-container\">\n\t\t\t\t\t\t\t<div class=\"elementor-divider\" style=\"--divider-pattern-url: url(&quot;data:image\/svg+xml,%3Csvg xmlns=&#039;http:\/\/www.w3.org\/2000\/svg&#039; preserveAspectRatio=&#039;none&#039; overflow=&#039;visible&#039; height=&#039;100%&#039; viewBox=&#039;0 0 24 24&#039; fill=&#039;none&#039; stroke=&#039;black&#039; stroke-width=&#039;1&#039; stroke-linecap=&#039;square&#039; stroke-miterlimit=&#039;10&#039;%3E%3Cpolyline points=&#039;0,18 12,6 24,18 &#039;\/%3E%3C\/svg%3E&quot;);\">\n\t\t\t<span class=\"elementor-divider-separator\">\n\t\t\t\t\t\t<\/span>\n\t\t<\/div>\n\t\t\t\t\t\t<\/div>\n\t\t\t\t<\/div>\n\t\t\t\t\t<\/div>\n\t\t<\/div>\n\t\t\t\t\t<\/div>\n\t\t<\/section>\n\t\t\t\t<section class=\"elementor-section elementor-top-section elementor-element elementor-element-af10d1e elementor-section-content-middle elementor-section-stretched elementor-hidden-tablet elementor-hidden-mobile elementor-section-boxed elementor-section-height-default elementor-section-height-default\" data-id=\"af10d1e\" data-element_type=\"section\" data-e-type=\"section\" data-settings=\"{&quot;stretch_section&quot;:&quot;section-stretched&quot;}\">\n\t\t\t\t\t\t\t<div class=\"elementor-background-overlay\"><\/div>\n\t\t\t\t\t\t\t<div class=\"elementor-container elementor-column-gap-no\">\n\t\t\t\t\t<div class=\"elementor-column elementor-col-100 elementor-top-column elementor-element elementor-element-de793ed\" data-id=\"de793ed\" data-element_type=\"column\" data-e-type=\"column\">\n\t\t\t<div class=\"elementor-widget-wrap elementor-element-populated\">\n\t\t\t\t\t\t<div class=\"elementor-element elementor-element-55afbe4 elementor-widget elementor-widget-heading\" data-id=\"55afbe4\" data-element_type=\"widget\" data-e-type=\"widget\" data-widget_type=\"heading.default\">\n\t\t\t\t<div class=\"elementor-widget-container\">\n\t\t\t\t\t<h5 class=\"elementor-heading-title elementor-size-default\">WhatsApp<\/h5>\t\t\t\t<\/div>\n\t\t\t\t<\/div>\n\t\t\t\t<div class=\"elementor-element elementor-element-52e463b elementor-widget elementor-widget-heading\" data-id=\"52e463b\" data-element_type=\"widget\" data-e-type=\"widget\" data-widget_type=\"heading.default\">\n\t\t\t\t<div class=\"elementor-widget-container\">\n\t\t\t\t\t<h4 class=\"elementor-heading-title elementor-size-default\">+54 9 11 5763-0787<\/h4>\t\t\t\t<\/div>\n\t\t\t\t<\/div>\n\t\t\t\t<div class=\"elementor-element elementor-element-df5a4fb elementor-widget elementor-widget-heading\" data-id=\"df5a4fb\" data-element_type=\"widget\" data-e-type=\"widget\" data-widget_type=\"heading.default\">\n\t\t\t\t<div class=\"elementor-widget-container\">\n\t\t\t\t\t<h4 class=\"elementor-heading-title elementor-size-default\">informes@quirosconsultores.com<\/h4>\t\t\t\t<\/div>\n\t\t\t\t<\/div>\n\t\t\t\t<div class=\"elementor-element elementor-element-d9f7274 elementor-widget elementor-widget-text-editor\" data-id=\"d9f7274\" data-element_type=\"widget\" data-e-type=\"widget\" data-widget_type=\"text-editor.default\">\n\t\t\t\t<div class=\"elementor-widget-container\">\n\t\t\t\t\t\t\t\t\t<p>Argentina &#8211; M\u00e9xico &#8211; Costa Rica\u00a0<\/p>\t\t\t\t\t\t\t\t<\/div>\n\t\t\t\t<\/div>\n\t\t\t\t<div class=\"elementor-element elementor-element-c296ae9 elementor-shape-square e-grid-align-left elementor-grid-0 elementor-widget elementor-widget-social-icons\" data-id=\"c296ae9\" data-element_type=\"widget\" data-e-type=\"widget\" data-widget_type=\"social-icons.default\">\n\t\t\t\t<div class=\"elementor-widget-container\">\n\t\t\t\t\t\t\t<div class=\"elementor-social-icons-wrapper elementor-grid\" role=\"list\">\n\t\t\t\t\t\t\t<span class=\"elementor-grid-item\" role=\"listitem\">\n\t\t\t\t\t<a class=\"elementor-icon elementor-social-icon elementor-social-icon-instagram elementor-animation-grow elementor-repeater-item-f5b767d\" href=\"https:\/\/www.instagram.com\/quirospymes\/\" target=\"_blank\">\n\t\t\t\t\t\t<span class=\"elementor-screen-only\">Instagram<\/span>\n\t\t\t\t\t\t<i aria-hidden=\"true\" class=\"fab fa-instagram\"><\/i>\t\t\t\t\t<\/a>\n\t\t\t\t<\/span>\n\t\t\t\t\t\t\t<span class=\"elementor-grid-item\" role=\"listitem\">\n\t\t\t\t\t<a class=\"elementor-icon elementor-social-icon elementor-social-icon-facebook-f elementor-animation-grow elementor-repeater-item-9c86cde\" href=\"https:\/\/www.facebook.com\/QuirosPymes\" target=\"_blank\">\n\t\t\t\t\t\t<span class=\"elementor-screen-only\">Facebook-f<\/span>\n\t\t\t\t\t\t<i aria-hidden=\"true\" class=\"fab fa-facebook-f\"><\/i>\t\t\t\t\t<\/a>\n\t\t\t\t<\/span>\n\t\t\t\t\t\t\t<span class=\"elementor-grid-item\" role=\"listitem\">\n\t\t\t\t\t<a class=\"elementor-icon elementor-social-icon elementor-social-icon-linkedin elementor-animation-grow elementor-repeater-item-01f7e9b\" href=\"https:\/\/www.linkedin.com\/company\/quiros-consultores\/\" target=\"_blank\">\n\t\t\t\t\t\t<span class=\"elementor-screen-only\">Linkedin<\/span>\n\t\t\t\t\t\t<i aria-hidden=\"true\" class=\"fab fa-linkedin\"><\/i>\t\t\t\t\t<\/a>\n\t\t\t\t<\/span>\n\t\t\t\t\t\t\t<span class=\"elementor-grid-item\" role=\"listitem\">\n\t\t\t\t\t<a class=\"elementor-icon elementor-social-icon elementor-social-icon-youtube elementor-animation-grow elementor-repeater-item-31673c9\" href=\"https:\/\/www.youtube.com\/c\/Quir%C3%B3sPyMEs\" target=\"_blank\">\n\t\t\t\t\t\t<span class=\"elementor-screen-only\">Youtube<\/span>\n\t\t\t\t\t\t<i aria-hidden=\"true\" class=\"fab fa-youtube\"><\/i>\t\t\t\t\t<\/a>\n\t\t\t\t<\/span>\n\t\t\t\t\t<\/div>\n\t\t\t\t\t\t<\/div>\n\t\t\t\t<\/div>\n\t\t\t\t\t<\/div>\n\t\t<\/div>\n\t\t\t\t\t<\/div>\n\t\t<\/section>\n\t\t\t\t<\/div>\n\t\t","protected":false},"excerpt":{"rendered":"<p>WebSite Brochure 2025 de Quir\u00f3s Consultores WhatsApp +54 9 11 5763-0787 informes@quirosconsultores.com Argentina &#8211; M\u00e9xico &#8211; Costa Rica\u00a0 Instagram Facebook-f Linkedin Youtube<\/p>\n","protected":false},"author":1,"featured_media":6610,"parent":0,"menu_order":0,"comment_status":"closed","ping_status":"closed","template":"","meta":{"footnotes":""},"class_list":["post-9834","page","type-page","status-publish","has-post-thumbnail","hentry"],"yoast_head":"<!-- This site is optimized with the Yoast SEO plugin v27.5 - https:\/\/yoast.com\/product\/yoast-seo-wordpress\/ -->\n<title>Quir\u00f3s Consultores - Presentaci\u00f3n Quir\u00f3s Consultores - Expertos en empresas<\/title>\n<meta name=\"description\" content=\"Quir\u00f3s Consultores - Empresa Familiar. Intervenciones puntuales logran una apertura de posiciones que mejoran inmediatamente las relaciones\" \/>\n<meta name=\"robots\" content=\"index, follow, max-snippet:-1, max-image-preview:large, max-video-preview:-1\" \/>\n<link rel=\"canonical\" href=\"https:\/\/quirosconsultores.com\/brochure-latam\/\" \/>\n<meta property=\"og:locale\" content=\"es_ES\" \/>\n<meta property=\"og:type\" content=\"article\" \/>\n<meta property=\"og:title\" content=\"Quir\u00f3s Consultores - Presentaci\u00f3n Quir\u00f3s Consultores - Expertos en empresas\" \/>\n<meta property=\"og:description\" content=\"Quir\u00f3s Consultores - Empresa Familiar. Intervenciones puntuales logran una apertura de posiciones que mejoran inmediatamente las relaciones\" \/>\n<meta property=\"og:url\" content=\"https:\/\/quirosconsultores.com\/brochure-latam\/\" \/>\n<meta property=\"og:site_name\" content=\"Presentacion 2024\" \/>\n<meta property=\"article:modified_time\" content=\"2025-07-17T22:01:05+00:00\" \/>\n<meta property=\"og:image\" content=\"https:\/\/quirosconsultores.com\/brochure-latam\/wp-content\/uploads\/sites\/31\/2020\/02\/logo-quiros.png\" \/>\n\t<meta property=\"og:image:width\" content=\"342\" \/>\n\t<meta property=\"og:image:height\" content=\"109\" \/>\n\t<meta property=\"og:image:type\" content=\"image\/png\" \/>\n<meta name=\"twitter:card\" content=\"summary_large_image\" \/>\n<meta name=\"twitter:label1\" content=\"Tiempo de lectura\" \/>\n\t<meta name=\"twitter:data1\" content=\"1 minuto\" \/>\n<script type=\"application\/ld+json\" class=\"yoast-schema-graph\">{\"@context\":\"https:\\\/\\\/schema.org\",\"@graph\":[{\"@type\":\"WebPage\",\"@id\":\"https:\\\/\\\/quirosconsultores.com\\\/brochure-latam\\\/\",\"url\":\"https:\\\/\\\/quirosconsultores.com\\\/brochure-latam\\\/\",\"name\":\"Quir\u00f3s Consultores - Presentaci\u00f3n Quir\u00f3s Consultores - Expertos en empresas\",\"isPartOf\":{\"@id\":\"https:\\\/\\\/quirosconsultores.com\\\/brochure-latam\\\/#website\"},\"primaryImageOfPage\":{\"@id\":\"https:\\\/\\\/quirosconsultores.com\\\/brochure-latam\\\/#primaryimage\"},\"image\":{\"@id\":\"https:\\\/\\\/quirosconsultores.com\\\/brochure-latam\\\/#primaryimage\"},\"thumbnailUrl\":\"https:\\\/\\\/quirosconsultores.com\\\/brochure-latam\\\/wp-content\\\/uploads\\\/sites\\\/31\\\/2020\\\/02\\\/logo-quiros.png\",\"datePublished\":\"2021-12-23T18:25:12+00:00\",\"dateModified\":\"2025-07-17T22:01:05+00:00\",\"description\":\"Quir\u00f3s Consultores - Empresa Familiar. Intervenciones puntuales logran una apertura de posiciones que mejoran inmediatamente las relaciones\",\"breadcrumb\":{\"@id\":\"https:\\\/\\\/quirosconsultores.com\\\/brochure-latam\\\/#breadcrumb\"},\"inLanguage\":\"es\",\"potentialAction\":[{\"@type\":\"ReadAction\",\"target\":[\"https:\\\/\\\/quirosconsultores.com\\\/brochure-latam\\\/\"]}]},{\"@type\":\"ImageObject\",\"inLanguage\":\"es\",\"@id\":\"https:\\\/\\\/quirosconsultores.com\\\/brochure-latam\\\/#primaryimage\",\"url\":\"https:\\\/\\\/quirosconsultores.com\\\/brochure-latam\\\/wp-content\\\/uploads\\\/sites\\\/31\\\/2020\\\/02\\\/logo-quiros.png\",\"contentUrl\":\"https:\\\/\\\/quirosconsultores.com\\\/brochure-latam\\\/wp-content\\\/uploads\\\/sites\\\/31\\\/2020\\\/02\\\/logo-quiros.png\",\"width\":342,\"height\":109,\"caption\":\"Elevamos tu capacidad empresaria, transformamos tu organizaci\u00f3n y te guiamos a los resultados que buscas para tu negocio\"},{\"@type\":\"BreadcrumbList\",\"@id\":\"https:\\\/\\\/quirosconsultores.com\\\/brochure-latam\\\/#breadcrumb\",\"itemListElement\":[{\"@type\":\"ListItem\",\"position\":1,\"name\":\"Portada\",\"item\":\"https:\\\/\\\/quirosconsultores.com\\\/brochure-latam\\\/\"},{\"@type\":\"ListItem\",\"position\":2,\"name\":\"Presentaci\u00f3n Quir\u00f3s Consultores\"}]},{\"@type\":\"WebSite\",\"@id\":\"https:\\\/\\\/quirosconsultores.com\\\/brochure-latam\\\/#website\",\"url\":\"https:\\\/\\\/quirosconsultores.com\\\/brochure-latam\\\/\",\"name\":\"Presentacion 2024\",\"description\":\"Quir\u00f3s Consultores\",\"publisher\":{\"@id\":\"https:\\\/\\\/quirosconsultores.com\\\/brochure-latam\\\/#organization\"},\"potentialAction\":[{\"@type\":\"SearchAction\",\"target\":{\"@type\":\"EntryPoint\",\"urlTemplate\":\"https:\\\/\\\/quirosconsultores.com\\\/brochure-latam\\\/?s={search_term_string}\"},\"query-input\":{\"@type\":\"PropertyValueSpecification\",\"valueRequired\":true,\"valueName\":\"search_term_string\"}}],\"inLanguage\":\"es\"},{\"@type\":\"Organization\",\"@id\":\"https:\\\/\\\/quirosconsultores.com\\\/brochure-latam\\\/#organization\",\"name\":\"Quiros Consultores - Especialistas en pymes y empresas familiares\",\"url\":\"https:\\\/\\\/quirosconsultores.com\\\/brochure-latam\\\/\",\"logo\":{\"@type\":\"ImageObject\",\"inLanguage\":\"es\",\"@id\":\"https:\\\/\\\/quirosconsultores.com\\\/brochure-latam\\\/#\\\/schema\\\/logo\\\/image\\\/\",\"url\":\"https:\\\/\\\/quirosconsultores.com\\\/cr-familar-prueba\\\/wp-content\\\/uploads\\\/sites\\\/31\\\/2022\\\/04\\\/quiros-consultores-02.jpg\",\"contentUrl\":\"https:\\\/\\\/quirosconsultores.com\\\/cr-familar-prueba\\\/wp-content\\\/uploads\\\/sites\\\/31\\\/2022\\\/04\\\/quiros-consultores-02.jpg\",\"width\":1539,\"height\":590,\"caption\":\"Quiros Consultores - Especialistas en pymes y empresas familiares\"},\"image\":{\"@id\":\"https:\\\/\\\/quirosconsultores.com\\\/brochure-latam\\\/#\\\/schema\\\/logo\\\/image\\\/\"}}]}<\/script>\n<!-- \/ Yoast SEO plugin. -->","yoast_head_json":{"title":"Quir\u00f3s Consultores - Presentaci\u00f3n Quir\u00f3s Consultores - Expertos en empresas","description":"Quir\u00f3s Consultores - Empresa Familiar. Intervenciones puntuales logran una apertura de posiciones que mejoran inmediatamente las relaciones","robots":{"index":"index","follow":"follow","max-snippet":"max-snippet:-1","max-image-preview":"max-image-preview:large","max-video-preview":"max-video-preview:-1"},"canonical":"https:\/\/quirosconsultores.com\/brochure-latam\/","og_locale":"es_ES","og_type":"article","og_title":"Quir\u00f3s Consultores - Presentaci\u00f3n Quir\u00f3s Consultores - Expertos en empresas","og_description":"Quir\u00f3s Consultores - Empresa Familiar. Intervenciones puntuales logran una apertura de posiciones que mejoran inmediatamente las relaciones","og_url":"https:\/\/quirosconsultores.com\/brochure-latam\/","og_site_name":"Presentacion 2024","article_modified_time":"2025-07-17T22:01:05+00:00","og_image":[{"width":342,"height":109,"url":"https:\/\/quirosconsultores.com\/brochure-latam\/wp-content\/uploads\/sites\/31\/2020\/02\/logo-quiros.png","type":"image\/png"}],"twitter_card":"summary_large_image","twitter_misc":{"Tiempo de lectura":"1 minuto"},"schema":{"@context":"https:\/\/schema.org","@graph":[{"@type":"WebPage","@id":"https:\/\/quirosconsultores.com\/brochure-latam\/","url":"https:\/\/quirosconsultores.com\/brochure-latam\/","name":"Quir\u00f3s Consultores - Presentaci\u00f3n Quir\u00f3s Consultores - Expertos en empresas","isPartOf":{"@id":"https:\/\/quirosconsultores.com\/brochure-latam\/#website"},"primaryImageOfPage":{"@id":"https:\/\/quirosconsultores.com\/brochure-latam\/#primaryimage"},"image":{"@id":"https:\/\/quirosconsultores.com\/brochure-latam\/#primaryimage"},"thumbnailUrl":"https:\/\/quirosconsultores.com\/brochure-latam\/wp-content\/uploads\/sites\/31\/2020\/02\/logo-quiros.png","datePublished":"2021-12-23T18:25:12+00:00","dateModified":"2025-07-17T22:01:05+00:00","description":"Quir\u00f3s Consultores - Empresa Familiar. Intervenciones puntuales logran una apertura de posiciones que mejoran inmediatamente las relaciones","breadcrumb":{"@id":"https:\/\/quirosconsultores.com\/brochure-latam\/#breadcrumb"},"inLanguage":"es","potentialAction":[{"@type":"ReadAction","target":["https:\/\/quirosconsultores.com\/brochure-latam\/"]}]},{"@type":"ImageObject","inLanguage":"es","@id":"https:\/\/quirosconsultores.com\/brochure-latam\/#primaryimage","url":"https:\/\/quirosconsultores.com\/brochure-latam\/wp-content\/uploads\/sites\/31\/2020\/02\/logo-quiros.png","contentUrl":"https:\/\/quirosconsultores.com\/brochure-latam\/wp-content\/uploads\/sites\/31\/2020\/02\/logo-quiros.png","width":342,"height":109,"caption":"Elevamos tu capacidad empresaria, transformamos tu organizaci\u00f3n y te guiamos a los resultados que buscas para tu negocio"},{"@type":"BreadcrumbList","@id":"https:\/\/quirosconsultores.com\/brochure-latam\/#breadcrumb","itemListElement":[{"@type":"ListItem","position":1,"name":"Portada","item":"https:\/\/quirosconsultores.com\/brochure-latam\/"},{"@type":"ListItem","position":2,"name":"Presentaci\u00f3n Quir\u00f3s Consultores"}]},{"@type":"WebSite","@id":"https:\/\/quirosconsultores.com\/brochure-latam\/#website","url":"https:\/\/quirosconsultores.com\/brochure-latam\/","name":"Presentacion 2024","description":"Quir\u00f3s Consultores","publisher":{"@id":"https:\/\/quirosconsultores.com\/brochure-latam\/#organization"},"potentialAction":[{"@type":"SearchAction","target":{"@type":"EntryPoint","urlTemplate":"https:\/\/quirosconsultores.com\/brochure-latam\/?s={search_term_string}"},"query-input":{"@type":"PropertyValueSpecification","valueRequired":true,"valueName":"search_term_string"}}],"inLanguage":"es"},{"@type":"Organization","@id":"https:\/\/quirosconsultores.com\/brochure-latam\/#organization","name":"Quiros Consultores - Especialistas en pymes y empresas familiares","url":"https:\/\/quirosconsultores.com\/brochure-latam\/","logo":{"@type":"ImageObject","inLanguage":"es","@id":"https:\/\/quirosconsultores.com\/brochure-latam\/#\/schema\/logo\/image\/","url":"https:\/\/quirosconsultores.com\/cr-familar-prueba\/wp-content\/uploads\/sites\/31\/2022\/04\/quiros-consultores-02.jpg","contentUrl":"https:\/\/quirosconsultores.com\/cr-familar-prueba\/wp-content\/uploads\/sites\/31\/2022\/04\/quiros-consultores-02.jpg","width":1539,"height":590,"caption":"Quiros Consultores - Especialistas en pymes y empresas familiares"},"image":{"@id":"https:\/\/quirosconsultores.com\/brochure-latam\/#\/schema\/logo\/image\/"}}]}},"_links":{"self":[{"href":"https:\/\/quirosconsultores.com\/brochure-latam\/wp-json\/wp\/v2\/pages\/9834","targetHints":{"allow":["GET"]}}],"collection":[{"href":"https:\/\/quirosconsultores.com\/brochure-latam\/wp-json\/wp\/v2\/pages"}],"about":[{"href":"https:\/\/quirosconsultores.com\/brochure-latam\/wp-json\/wp\/v2\/types\/page"}],"author":[{"embeddable":true,"href":"https:\/\/quirosconsultores.com\/brochure-latam\/wp-json\/wp\/v2\/users\/1"}],"replies":[{"embeddable":true,"href":"https:\/\/quirosconsultores.com\/brochure-latam\/wp-json\/wp\/v2\/comments?post=9834"}],"version-history":[{"count":681,"href":"https:\/\/quirosconsultores.com\/brochure-latam\/wp-json\/wp\/v2\/pages\/9834\/revisions"}],"predecessor-version":[{"id":11249,"href":"https:\/\/quirosconsultores.com\/brochure-latam\/wp-json\/wp\/v2\/pages\/9834\/revisions\/11249"}],"wp:featuredmedia":[{"embeddable":true,"href":"https:\/\/quirosconsultores.com\/brochure-latam\/wp-json\/wp\/v2\/media\/6610"}],"wp:attachment":[{"href":"https:\/\/quirosconsultores.com\/brochure-latam\/wp-json\/wp\/v2\/media?parent=9834"}],"curies":[{"name":"wp","href":"https:\/\/api.w.org\/{rel}","templated":true}]}}