{"id":9990,"date":"2021-12-27T11:46:45","date_gmt":"2021-12-27T16:46:45","guid":{"rendered":"https:\/\/quirosconsultores.com\/etapasdelapyme2\/?page_id=9990"},"modified":"2022-07-20T08:09:02","modified_gmt":"2022-07-20T13:09:02","slug":"etapas-de-la-pyme","status":"publish","type":"page","link":"https:\/\/quirosconsultores.com\/etapasdelapyme\/","title":{"rendered":"Inicio de Etapas de la pyme"},"content":{"rendered":"\t\t<div data-elementor-type=\"wp-page\" data-elementor-id=\"9990\" class=\"elementor elementor-9990\" data-elementor-post-type=\"page\">\n\t\t\t\t\t\t<section class=\"elementor-section elementor-top-section elementor-element elementor-element-178c9c0 elementor-section-stretched elementor-section-height-min-height elementor-section-content-middle elementor-section-boxed elementor-section-height-default elementor-section-items-middle\" data-id=\"178c9c0\" data-element_type=\"section\" data-e-type=\"section\" data-settings=\"{&quot;stretch_section&quot;:&quot;section-stretched&quot;,&quot;background_background&quot;:&quot;classic&quot;,&quot;avante_ext_is_background_backdrop&quot;:&quot;false&quot;}\">\n\t\t\t\t\t\t\t<div class=\"elementor-background-overlay\"><\/div>\n\t\t\t\t\t\t\t<div class=\"elementor-container elementor-column-gap-default\">\n\t\t\t\t\t<div class=\"elementor-column elementor-col-100 elementor-top-column elementor-element elementor-element-5a69d5f\" data-id=\"5a69d5f\" data-element_type=\"column\" data-e-type=\"column\" data-settings=\"{&quot;avante_ext_is_scrollme&quot;:&quot;false&quot;,&quot;avante_ext_is_smoove&quot;:&quot;false&quot;,&quot;avante_ext_is_parallax_mouse&quot;:&quot;false&quot;,&quot;avante_ext_is_infinite&quot;:&quot;false&quot;,&quot;avante_ext_mobile_static&quot;:&quot;false&quot;,&quot;avante_ext_link_sidemenu&quot;:&quot;false&quot;,&quot;avante_ext_link_fullmenu&quot;:&quot;false&quot;,&quot;avante_ext_link_closed_fullmenu&quot;:&quot;false&quot;}\">\n\t\t\t<div class=\"elementor-widget-wrap elementor-element-populated\">\n\t\t\t\t\t\t<div class=\"elementor-element elementor-element-3813c0d elementor-widget__width-inherit elementor-widget elementor-widget-heading\" data-id=\"3813c0d\" data-element_type=\"widget\" data-e-type=\"widget\" data-settings=\"{&quot;avante_ext_is_scrollme&quot;:&quot;false&quot;,&quot;avante_ext_is_parallax_mouse&quot;:&quot;false&quot;,&quot;avante_ext_is_infinite&quot;:&quot;false&quot;,&quot;avante_ext_mobile_static&quot;:&quot;false&quot;,&quot;avante_ext_link_sidemenu&quot;:&quot;false&quot;,&quot;avante_ext_link_fullmenu&quot;:&quot;false&quot;,&quot;avante_ext_link_closed_fullmenu&quot;:&quot;false&quot;}\" data-widget_type=\"heading.default\">\n\t\t\t\t<div class=\"elementor-widget-container\">\n\t\t\t\t\t<h2 class=\"elementor-heading-title elementor-size-default\">Jos\u00e9 Mar\u00eda Quir\u00f3s<\/h2>\t\t\t\t<\/div>\n\t\t\t\t<\/div>\n\t\t\t\t<div class=\"elementor-element elementor-element-d2defdc elementor-widget elementor-widget-text-editor\" data-id=\"d2defdc\" data-element_type=\"widget\" data-e-type=\"widget\" data-settings=\"{&quot;avante_ext_is_scrollme&quot;:&quot;false&quot;,&quot;avante_ext_is_smoove&quot;:&quot;false&quot;,&quot;avante_ext_is_parallax_mouse&quot;:&quot;false&quot;,&quot;avante_ext_is_infinite&quot;:&quot;false&quot;,&quot;avante_ext_mobile_static&quot;:&quot;false&quot;,&quot;avante_ext_link_sidemenu&quot;:&quot;false&quot;,&quot;avante_ext_link_fullmenu&quot;:&quot;false&quot;,&quot;avante_ext_link_closed_fullmenu&quot;:&quot;false&quot;}\" data-widget_type=\"text-editor.default\">\n\t\t\t\t<div class=\"elementor-widget-container\">\n\t\t\t\t\t\t\t\t\t<p>Apasionado por las PyMEs &#8211; Socio fundador de Quiros Consultores<\/p>\t\t\t\t\t\t\t\t<\/div>\n\t\t\t\t<\/div>\n\t\t\t\t\t<\/div>\n\t\t<\/div>\n\t\t\t\t\t<\/div>\n\t\t<\/section>\n\t\t\t\t<section class=\"elementor-section elementor-top-section elementor-element elementor-element-92b55d6 elementor-section-boxed elementor-section-height-default elementor-section-height-default\" data-id=\"92b55d6\" data-element_type=\"section\" data-e-type=\"section\" data-settings=\"{&quot;avante_ext_is_background_backdrop&quot;:&quot;false&quot;}\">\n\t\t\t\t\t\t<div class=\"elementor-container elementor-column-gap-default\">\n\t\t\t\t\t<div class=\"elementor-column elementor-col-50 elementor-top-column elementor-element elementor-element-b61b6ab\" data-id=\"b61b6ab\" data-element_type=\"column\" data-e-type=\"column\" data-settings=\"{&quot;avante_ext_is_scrollme&quot;:&quot;false&quot;,&quot;avante_ext_is_smoove&quot;:&quot;false&quot;,&quot;avante_ext_is_parallax_mouse&quot;:&quot;false&quot;,&quot;avante_ext_is_infinite&quot;:&quot;false&quot;,&quot;avante_ext_mobile_static&quot;:&quot;false&quot;,&quot;avante_ext_link_sidemenu&quot;:&quot;false&quot;,&quot;avante_ext_link_fullmenu&quot;:&quot;false&quot;,&quot;avante_ext_link_closed_fullmenu&quot;:&quot;false&quot;}\">\n\t\t\t<div class=\"elementor-widget-wrap elementor-element-populated\">\n\t\t\t\t\t\t<div class=\"elementor-element elementor-element-031ca3b elementor-widget elementor-widget-heading\" data-id=\"031ca3b\" data-element_type=\"widget\" data-e-type=\"widget\" data-settings=\"{&quot;avante_ext_is_scrollme&quot;:&quot;false&quot;,&quot;avante_ext_is_smoove&quot;:&quot;false&quot;,&quot;avante_ext_is_parallax_mouse&quot;:&quot;false&quot;,&quot;avante_ext_is_infinite&quot;:&quot;false&quot;,&quot;avante_ext_mobile_static&quot;:&quot;false&quot;,&quot;avante_ext_link_sidemenu&quot;:&quot;false&quot;,&quot;avante_ext_link_fullmenu&quot;:&quot;false&quot;,&quot;avante_ext_link_closed_fullmenu&quot;:&quot;false&quot;}\" data-widget_type=\"heading.default\">\n\t\t\t\t<div class=\"elementor-widget-container\">\n\t\t\t\t\t<h2 class=\"elementor-heading-title elementor-size-default\">Dejanos tus datos y acced\u00e9s a la descarga<\/h2>\t\t\t\t<\/div>\n\t\t\t\t<\/div>\n\t\t\t\t<div class=\"elementor-element elementor-element-6596c60 elementor-widget elementor-widget-image\" data-id=\"6596c60\" data-element_type=\"widget\" data-e-type=\"widget\" data-settings=\"{&quot;avante_ext_is_scrollme&quot;:&quot;false&quot;,&quot;avante_ext_is_smoove&quot;:&quot;false&quot;,&quot;avante_ext_is_parallax_mouse&quot;:&quot;false&quot;,&quot;avante_ext_is_infinite&quot;:&quot;false&quot;,&quot;avante_ext_mobile_static&quot;:&quot;false&quot;,&quot;avante_ext_link_sidemenu&quot;:&quot;false&quot;,&quot;avante_ext_link_fullmenu&quot;:&quot;false&quot;,&quot;avante_ext_link_closed_fullmenu&quot;:&quot;false&quot;}\" data-widget_type=\"image.default\">\n\t\t\t\t<div class=\"elementor-widget-container\">\n\t\t\t\t\t\t\t\t\t\t\t\t\t\t\t<img fetchpriority=\"high\" decoding=\"async\" width=\"640\" height=\"621\" src=\"https:\/\/quirosconsultores.com\/etapasdelapyme\/wp-content\/uploads\/sites\/17\/2022\/07\/tapa-libro-etapas.png\" class=\"attachment-full size-full wp-image-10862\" alt=\"\" srcset=\"https:\/\/quirosconsultores.com\/etapasdelapyme\/wp-content\/uploads\/sites\/17\/2022\/07\/tapa-libro-etapas.png 640w, https:\/\/quirosconsultores.com\/etapasdelapyme\/wp-content\/uploads\/sites\/17\/2022\/07\/tapa-libro-etapas-300x291.png 300w, https:\/\/quirosconsultores.com\/etapasdelapyme\/wp-content\/uploads\/sites\/17\/2022\/07\/tapa-libro-etapas-440x427.png 440w, https:\/\/quirosconsultores.com\/etapasdelapyme\/wp-content\/uploads\/sites\/17\/2022\/07\/tapa-libro-etapas-600x582.png 600w\" sizes=\"(max-width: 640px) 100vw, 640px\" \/>\t\t\t\t\t\t\t\t\t\t\t\t\t\t\t<\/div>\n\t\t\t\t<\/div>\n\t\t\t\t\t<\/div>\n\t\t<\/div>\n\t\t\t\t<div class=\"elementor-column elementor-col-50 elementor-top-column elementor-element elementor-element-d008ccf\" data-id=\"d008ccf\" data-element_type=\"column\" data-e-type=\"column\" data-settings=\"{&quot;avante_ext_is_scrollme&quot;:&quot;false&quot;,&quot;avante_ext_is_smoove&quot;:&quot;false&quot;,&quot;avante_ext_is_parallax_mouse&quot;:&quot;false&quot;,&quot;avante_ext_is_infinite&quot;:&quot;false&quot;,&quot;avante_ext_mobile_static&quot;:&quot;false&quot;,&quot;avante_ext_link_sidemenu&quot;:&quot;false&quot;,&quot;avante_ext_link_fullmenu&quot;:&quot;false&quot;,&quot;avante_ext_link_closed_fullmenu&quot;:&quot;false&quot;}\">\n\t\t\t<div class=\"elementor-widget-wrap elementor-element-populated\">\n\t\t\t\t\t\t<div class=\"elementor-element elementor-element-86fdffc elementor-widget elementor-widget-html\" data-id=\"86fdffc\" data-element_type=\"widget\" data-e-type=\"widget\" data-settings=\"{&quot;avante_ext_is_scrollme&quot;:&quot;false&quot;,&quot;avante_ext_is_smoove&quot;:&quot;false&quot;,&quot;avante_ext_is_parallax_mouse&quot;:&quot;false&quot;,&quot;avante_ext_is_infinite&quot;:&quot;false&quot;,&quot;avante_ext_mobile_static&quot;:&quot;false&quot;,&quot;avante_ext_link_sidemenu&quot;:&quot;false&quot;,&quot;avante_ext_link_fullmenu&quot;:&quot;false&quot;,&quot;avante_ext_link_closed_fullmenu&quot;:&quot;false&quot;}\" data-widget_type=\"html.default\">\n\t\t\t\t<div class=\"elementor-widget-container\">\n\t\t\t\t\t<script charset=\"utf-8\" type=\"text\/javascript\" src=\"\/\/js.hsforms.net\/forms\/v2.js\"><\/script>\n<script>\n  hbspt.forms.create({\n    region: \"na1\",\n    portalId: \"6547601\",\n    formId: \"dd0c2e5b-7dd7-4fb8-bf3c-2ddd8a4e27de\"\n  });\n<\/script>\t\t\t\t<\/div>\n\t\t\t\t<\/div>\n\t\t\t\t\t<\/div>\n\t\t<\/div>\n\t\t\t\t\t<\/div>\n\t\t<\/section>\n\t\t\t\t<section class=\"elementor-section elementor-top-section elementor-element elementor-element-fb90647 elementor-section-stretched elementor-section-boxed elementor-section-height-default elementor-section-height-default\" data-id=\"fb90647\" data-element_type=\"section\" data-e-type=\"section\" data-settings=\"{&quot;stretch_section&quot;:&quot;section-stretched&quot;,&quot;background_background&quot;:&quot;classic&quot;,&quot;avante_ext_is_background_backdrop&quot;:&quot;false&quot;}\">\n\t\t\t\t\t\t<div class=\"elementor-container elementor-column-gap-default\">\n\t\t\t\t\t<div class=\"elementor-column elementor-col-100 elementor-top-column elementor-element elementor-element-f0d88d7\" data-id=\"f0d88d7\" data-element_type=\"column\" data-e-type=\"column\" data-settings=\"{&quot;avante_ext_is_scrollme&quot;:&quot;false&quot;,&quot;avante_ext_is_smoove&quot;:&quot;false&quot;,&quot;avante_ext_is_parallax_mouse&quot;:&quot;false&quot;,&quot;avante_ext_is_infinite&quot;:&quot;false&quot;,&quot;avante_ext_mobile_static&quot;:&quot;false&quot;,&quot;avante_ext_link_sidemenu&quot;:&quot;false&quot;,&quot;avante_ext_link_fullmenu&quot;:&quot;false&quot;,&quot;avante_ext_link_closed_fullmenu&quot;:&quot;false&quot;}\">\n\t\t\t<div class=\"elementor-widget-wrap elementor-element-populated\">\n\t\t\t\t\t\t<div class=\"elementor-element elementor-element-e44a042 elementor-widget elementor-widget-heading\" data-id=\"e44a042\" data-element_type=\"widget\" data-e-type=\"widget\" data-settings=\"{&quot;avante_ext_is_scrollme&quot;:&quot;false&quot;,&quot;avante_ext_is_smoove&quot;:&quot;false&quot;,&quot;avante_ext_is_parallax_mouse&quot;:&quot;false&quot;,&quot;avante_ext_is_infinite&quot;:&quot;false&quot;,&quot;avante_ext_mobile_static&quot;:&quot;false&quot;,&quot;avante_ext_link_sidemenu&quot;:&quot;false&quot;,&quot;avante_ext_link_fullmenu&quot;:&quot;false&quot;,&quot;avante_ext_link_closed_fullmenu&quot;:&quot;false&quot;}\" data-widget_type=\"heading.default\">\n\t\t\t\t<div class=\"elementor-widget-container\">\n\t\t\t\t\t<h2 class=\"elementor-heading-title elementor-size-default\">S\u00edgueme en:<\/h2>\t\t\t\t<\/div>\n\t\t\t\t<\/div>\n\t\t\t\t<div class=\"elementor-element elementor-element-0e100ad elementor-shape-rounded elementor-grid-0 e-grid-align-center elementor-widget elementor-widget-social-icons\" data-id=\"0e100ad\" data-element_type=\"widget\" data-e-type=\"widget\" data-settings=\"{&quot;avante_ext_is_scrollme&quot;:&quot;false&quot;,&quot;avante_ext_is_smoove&quot;:&quot;false&quot;,&quot;avante_ext_is_parallax_mouse&quot;:&quot;false&quot;,&quot;avante_ext_is_infinite&quot;:&quot;false&quot;,&quot;avante_ext_mobile_static&quot;:&quot;false&quot;,&quot;avante_ext_link_sidemenu&quot;:&quot;false&quot;,&quot;avante_ext_link_fullmenu&quot;:&quot;false&quot;,&quot;avante_ext_link_closed_fullmenu&quot;:&quot;false&quot;}\" data-widget_type=\"social-icons.default\">\n\t\t\t\t<div class=\"elementor-widget-container\">\n\t\t\t\t\t\t\t<div class=\"elementor-social-icons-wrapper elementor-grid\" role=\"list\">\n\t\t\t\t\t\t\t<span class=\"elementor-grid-item\" role=\"listitem\">\n\t\t\t\t\t<a class=\"elementor-icon elementor-social-icon elementor-social-icon-facebook elementor-repeater-item-a0b463a\" href=\"https:\/\/www.facebook.com\/martin.quiros.54\" target=\"_blank\">\n\t\t\t\t\t\t<span class=\"elementor-screen-only\">Facebook<\/span>\n\t\t\t\t\t\t<i aria-hidden=\"true\" class=\"fab fa-facebook\"><\/i>\t\t\t\t\t<\/a>\n\t\t\t\t<\/span>\n\t\t\t\t\t\t\t<span class=\"elementor-grid-item\" role=\"listitem\">\n\t\t\t\t\t<a class=\"elementor-icon elementor-social-icon elementor-social-icon-instagram elementor-repeater-item-500c29f\" href=\"https:\/\/www.instagram.com\/quirospymes\/\" target=\"_blank\">\n\t\t\t\t\t\t<span class=\"elementor-screen-only\">Instagram<\/span>\n\t\t\t\t\t\t<i aria-hidden=\"true\" class=\"fab fa-instagram\"><\/i>\t\t\t\t\t<\/a>\n\t\t\t\t<\/span>\n\t\t\t\t\t\t\t<span class=\"elementor-grid-item\" role=\"listitem\">\n\t\t\t\t\t<a class=\"elementor-icon elementor-social-icon elementor-social-icon-linkedin elementor-repeater-item-61781d2\" href=\"https:\/\/www.linkedin.com\/in\/martinquiros\/\" target=\"_blank\">\n\t\t\t\t\t\t<span class=\"elementor-screen-only\">Linkedin<\/span>\n\t\t\t\t\t\t<i aria-hidden=\"true\" class=\"fab fa-linkedin\"><\/i>\t\t\t\t\t<\/a>\n\t\t\t\t<\/span>\n\t\t\t\t\t<\/div>\n\t\t\t\t\t\t<\/div>\n\t\t\t\t<\/div>\n\t\t\t\t\t<\/div>\n\t\t<\/div>\n\t\t\t\t\t<\/div>\n\t\t<\/section>\n\t\t\t\t<\/div>\n\t\t","protected":false},"excerpt":{"rendered":"<p>Jos\u00e9 Mar\u00eda Quir\u00f3s Apasionado por las PyMEs &#8211; Socio fundador de Quiros Consultores Dejanos tus datos y acced\u00e9s a la descarga S\u00edgueme en: Facebook Instagram Linkedin<\/p>\n","protected":false},"author":1,"featured_media":6610,"parent":0,"menu_order":0,"comment_status":"closed","ping_status":"closed","template":"","meta":{"footnotes":""},"class_list":["post-9990","page","type-page","status-publish","has-post-thumbnail","hentry"],"yoast_head":"<!-- This site is optimized with the Yoast SEO plugin v27.5 - https:\/\/yoast.com\/product\/yoast-seo-wordpress\/ -->\n<title>Quir\u00f3s Consultores - Inicio de Etapas de la pyme - Expertos en empresas<\/title>\n<meta name=\"description\" content=\"Quir\u00f3s Consultores - Empresa Familiar. Intervenciones puntuales logran una apertura de posiciones que mejoran inmediatamente las relaciones\" \/>\n<meta name=\"robots\" content=\"index, follow, max-snippet:-1, max-image-preview:large, max-video-preview:-1\" \/>\n<link rel=\"canonical\" href=\"https:\/\/quirosconsultores.com\/etapasdelapyme\/\" \/>\n<meta property=\"og:locale\" content=\"es_ES\" \/>\n<meta property=\"og:type\" content=\"article\" \/>\n<meta property=\"og:title\" content=\"Quir\u00f3s Consultores - Inicio de Etapas de la pyme - Expertos en empresas\" \/>\n<meta property=\"og:description\" content=\"Quir\u00f3s Consultores - Empresa Familiar. Intervenciones puntuales logran una apertura de posiciones que mejoran inmediatamente las relaciones\" \/>\n<meta property=\"og:url\" content=\"https:\/\/quirosconsultores.com\/etapasdelapyme\/\" \/>\n<meta property=\"og:site_name\" content=\"Etapas de la pyme\" \/>\n<meta property=\"article:modified_time\" content=\"2022-07-20T13:09:02+00:00\" \/>\n<meta property=\"og:image\" content=\"https:\/\/quirosconsultores.com\/etapasdelapyme\/wp-content\/uploads\/sites\/17\/2020\/02\/logo-quiros.png\" \/>\n\t<meta property=\"og:image:width\" content=\"342\" \/>\n\t<meta property=\"og:image:height\" content=\"109\" \/>\n\t<meta property=\"og:image:type\" content=\"image\/png\" \/>\n<meta name=\"twitter:card\" content=\"summary_large_image\" \/>\n<meta name=\"twitter:label1\" content=\"Tiempo de lectura\" \/>\n\t<meta name=\"twitter:data1\" content=\"1 minuto\" \/>\n<script type=\"application\/ld+json\" class=\"yoast-schema-graph\">{\"@context\":\"https:\\\/\\\/schema.org\",\"@graph\":[{\"@type\":\"WebPage\",\"@id\":\"https:\\\/\\\/quirosconsultores.com\\\/etapasdelapyme\\\/\",\"url\":\"https:\\\/\\\/quirosconsultores.com\\\/etapasdelapyme\\\/\",\"name\":\"Quir\u00f3s Consultores - Inicio de Etapas de la pyme - Expertos en empresas\",\"isPartOf\":{\"@id\":\"https:\\\/\\\/quirosconsultores.com\\\/etapasdelapyme\\\/#website\"},\"primaryImageOfPage\":{\"@id\":\"https:\\\/\\\/quirosconsultores.com\\\/etapasdelapyme\\\/#primaryimage\"},\"image\":{\"@id\":\"https:\\\/\\\/quirosconsultores.com\\\/etapasdelapyme\\\/#primaryimage\"},\"thumbnailUrl\":\"https:\\\/\\\/quirosconsultores.com\\\/etapasdelapyme\\\/wp-content\\\/uploads\\\/sites\\\/17\\\/2020\\\/02\\\/logo-quiros.png\",\"datePublished\":\"2021-12-27T16:46:45+00:00\",\"dateModified\":\"2022-07-20T13:09:02+00:00\",\"description\":\"Quir\u00f3s Consultores - Empresa Familiar. Intervenciones puntuales logran una apertura de posiciones que mejoran inmediatamente las relaciones\",\"breadcrumb\":{\"@id\":\"https:\\\/\\\/quirosconsultores.com\\\/etapasdelapyme\\\/#breadcrumb\"},\"inLanguage\":\"es\",\"potentialAction\":[{\"@type\":\"ReadAction\",\"target\":[\"https:\\\/\\\/quirosconsultores.com\\\/etapasdelapyme\\\/\"]}]},{\"@type\":\"ImageObject\",\"inLanguage\":\"es\",\"@id\":\"https:\\\/\\\/quirosconsultores.com\\\/etapasdelapyme\\\/#primaryimage\",\"url\":\"https:\\\/\\\/quirosconsultores.com\\\/etapasdelapyme\\\/wp-content\\\/uploads\\\/sites\\\/17\\\/2020\\\/02\\\/logo-quiros.png\",\"contentUrl\":\"https:\\\/\\\/quirosconsultores.com\\\/etapasdelapyme\\\/wp-content\\\/uploads\\\/sites\\\/17\\\/2020\\\/02\\\/logo-quiros.png\",\"width\":342,\"height\":109,\"caption\":\"Elevamos tu capacidad empresaria, transformamos tu organizaci\u00f3n y te guiamos a los resultados que buscas para tu negocio\"},{\"@type\":\"BreadcrumbList\",\"@id\":\"https:\\\/\\\/quirosconsultores.com\\\/etapasdelapyme\\\/#breadcrumb\",\"itemListElement\":[{\"@type\":\"ListItem\",\"position\":1,\"name\":\"Portada\",\"item\":\"https:\\\/\\\/quirosconsultores.com\\\/etapasdelapyme\\\/\"},{\"@type\":\"ListItem\",\"position\":2,\"name\":\"Inicio de Etapas de la pyme\"}]},{\"@type\":\"WebSite\",\"@id\":\"https:\\\/\\\/quirosconsultores.com\\\/etapasdelapyme\\\/#website\",\"url\":\"https:\\\/\\\/quirosconsultores.com\\\/etapasdelapyme\\\/\",\"name\":\"Etapas de la pyme\",\"description\":\"Mart\u00edn Quir\u00f3s\",\"potentialAction\":[{\"@type\":\"SearchAction\",\"target\":{\"@type\":\"EntryPoint\",\"urlTemplate\":\"https:\\\/\\\/quirosconsultores.com\\\/etapasdelapyme\\\/?s={search_term_string}\"},\"query-input\":{\"@type\":\"PropertyValueSpecification\",\"valueRequired\":true,\"valueName\":\"search_term_string\"}}],\"inLanguage\":\"es\"}]}<\/script>\n<!-- \/ Yoast SEO plugin. -->","yoast_head_json":{"title":"Quir\u00f3s Consultores - Inicio de Etapas de la pyme - Expertos en empresas","description":"Quir\u00f3s Consultores - Empresa Familiar. Intervenciones puntuales logran una apertura de posiciones que mejoran inmediatamente las relaciones","robots":{"index":"index","follow":"follow","max-snippet":"max-snippet:-1","max-image-preview":"max-image-preview:large","max-video-preview":"max-video-preview:-1"},"canonical":"https:\/\/quirosconsultores.com\/etapasdelapyme\/","og_locale":"es_ES","og_type":"article","og_title":"Quir\u00f3s Consultores - Inicio de Etapas de la pyme - Expertos en empresas","og_description":"Quir\u00f3s Consultores - Empresa Familiar. Intervenciones puntuales logran una apertura de posiciones que mejoran inmediatamente las relaciones","og_url":"https:\/\/quirosconsultores.com\/etapasdelapyme\/","og_site_name":"Etapas de la pyme","article_modified_time":"2022-07-20T13:09:02+00:00","og_image":[{"width":342,"height":109,"url":"https:\/\/quirosconsultores.com\/etapasdelapyme\/wp-content\/uploads\/sites\/17\/2020\/02\/logo-quiros.png","type":"image\/png"}],"twitter_card":"summary_large_image","twitter_misc":{"Tiempo de lectura":"1 minuto"},"schema":{"@context":"https:\/\/schema.org","@graph":[{"@type":"WebPage","@id":"https:\/\/quirosconsultores.com\/etapasdelapyme\/","url":"https:\/\/quirosconsultores.com\/etapasdelapyme\/","name":"Quir\u00f3s Consultores - Inicio de Etapas de la pyme - Expertos en empresas","isPartOf":{"@id":"https:\/\/quirosconsultores.com\/etapasdelapyme\/#website"},"primaryImageOfPage":{"@id":"https:\/\/quirosconsultores.com\/etapasdelapyme\/#primaryimage"},"image":{"@id":"https:\/\/quirosconsultores.com\/etapasdelapyme\/#primaryimage"},"thumbnailUrl":"https:\/\/quirosconsultores.com\/etapasdelapyme\/wp-content\/uploads\/sites\/17\/2020\/02\/logo-quiros.png","datePublished":"2021-12-27T16:46:45+00:00","dateModified":"2022-07-20T13:09:02+00:00","description":"Quir\u00f3s Consultores - Empresa Familiar. Intervenciones puntuales logran una apertura de posiciones que mejoran inmediatamente las relaciones","breadcrumb":{"@id":"https:\/\/quirosconsultores.com\/etapasdelapyme\/#breadcrumb"},"inLanguage":"es","potentialAction":[{"@type":"ReadAction","target":["https:\/\/quirosconsultores.com\/etapasdelapyme\/"]}]},{"@type":"ImageObject","inLanguage":"es","@id":"https:\/\/quirosconsultores.com\/etapasdelapyme\/#primaryimage","url":"https:\/\/quirosconsultores.com\/etapasdelapyme\/wp-content\/uploads\/sites\/17\/2020\/02\/logo-quiros.png","contentUrl":"https:\/\/quirosconsultores.com\/etapasdelapyme\/wp-content\/uploads\/sites\/17\/2020\/02\/logo-quiros.png","width":342,"height":109,"caption":"Elevamos tu capacidad empresaria, transformamos tu organizaci\u00f3n y te guiamos a los resultados que buscas para tu negocio"},{"@type":"BreadcrumbList","@id":"https:\/\/quirosconsultores.com\/etapasdelapyme\/#breadcrumb","itemListElement":[{"@type":"ListItem","position":1,"name":"Portada","item":"https:\/\/quirosconsultores.com\/etapasdelapyme\/"},{"@type":"ListItem","position":2,"name":"Inicio de Etapas de la pyme"}]},{"@type":"WebSite","@id":"https:\/\/quirosconsultores.com\/etapasdelapyme\/#website","url":"https:\/\/quirosconsultores.com\/etapasdelapyme\/","name":"Etapas de la pyme","description":"Mart\u00edn Quir\u00f3s","potentialAction":[{"@type":"SearchAction","target":{"@type":"EntryPoint","urlTemplate":"https:\/\/quirosconsultores.com\/etapasdelapyme\/?s={search_term_string}"},"query-input":{"@type":"PropertyValueSpecification","valueRequired":true,"valueName":"search_term_string"}}],"inLanguage":"es"}]}},"_links":{"self":[{"href":"https:\/\/quirosconsultores.com\/etapasdelapyme\/wp-json\/wp\/v2\/pages\/9990","targetHints":{"allow":["GET"]}}],"collection":[{"href":"https:\/\/quirosconsultores.com\/etapasdelapyme\/wp-json\/wp\/v2\/pages"}],"about":[{"href":"https:\/\/quirosconsultores.com\/etapasdelapyme\/wp-json\/wp\/v2\/types\/page"}],"author":[{"embeddable":true,"href":"https:\/\/quirosconsultores.com\/etapasdelapyme\/wp-json\/wp\/v2\/users\/1"}],"replies":[{"embeddable":true,"href":"https:\/\/quirosconsultores.com\/etapasdelapyme\/wp-json\/wp\/v2\/comments?post=9990"}],"version-history":[{"count":365,"href":"https:\/\/quirosconsultores.com\/etapasdelapyme\/wp-json\/wp\/v2\/pages\/9990\/revisions"}],"predecessor-version":[{"id":10957,"href":"https:\/\/quirosconsultores.com\/etapasdelapyme\/wp-json\/wp\/v2\/pages\/9990\/revisions\/10957"}],"wp:featuredmedia":[{"embeddable":true,"href":"https:\/\/quirosconsultores.com\/etapasdelapyme\/wp-json\/wp\/v2\/media\/6610"}],"wp:attachment":[{"href":"https:\/\/quirosconsultores.com\/etapasdelapyme\/wp-json\/wp\/v2\/media?parent=9990"}],"curies":[{"name":"wp","href":"https:\/\/api.w.org\/{rel}","templated":true}]}}