{"id":5858,"date":"2019-11-25T09:21:02","date_gmt":"2019-11-25T12:21:02","guid":{"rendered":"http:\/\/themes.themegoods.com\/avante\/?page_id=5858"},"modified":"2021-10-15T09:52:14","modified_gmt":"2021-10-15T12:52:14","slug":"contacto","status":"publish","type":"page","link":"https:\/\/quirosconsultores.com\/modelo-bn\/contacto\/","title":{"rendered":"Contacto"},"content":{"rendered":"\t\t<div data-elementor-type=\"wp-page\" data-elementor-id=\"5858\" class=\"elementor elementor-5858\" data-elementor-post-type=\"page\">\n\t\t\t\t\t\t<section class=\"elementor-section elementor-top-section elementor-element elementor-element-6db1f98 elementor-section-boxed elementor-section-height-default elementor-section-height-default\" data-id=\"6db1f98\" data-element_type=\"section\" data-e-type=\"section\">\n\t\t\t\t\t\t<div class=\"elementor-container elementor-column-gap-default\">\n\t\t\t\t\t<div class=\"elementor-column elementor-col-50 elementor-top-column elementor-element elementor-element-d0af6af\" data-id=\"d0af6af\" data-element_type=\"column\" data-e-type=\"column\">\n\t\t\t<div class=\"elementor-widget-wrap elementor-element-populated\">\n\t\t\t\t\t\t<div class=\"elementor-element elementor-element-c33a02d elementor-widget__width-auto elementor-widget-mobile__width-inherit elementor-widget elementor-widget-heading\" data-id=\"c33a02d\" data-element_type=\"widget\" data-e-type=\"widget\" data-widget_type=\"heading.default\">\n\t\t\t\t<div class=\"elementor-widget-container\">\n\t\t\t\t\t<h2 class=\"elementor-heading-title elementor-size-default\">Comun\u00edcate con nosotros<\/h2>\t\t\t\t<\/div>\n\t\t\t\t<\/div>\n\t\t\t\t<div class=\"elementor-element elementor-element-dc98c8f elementor-widget elementor-widget-text-editor\" data-id=\"dc98c8f\" data-element_type=\"widget\" data-e-type=\"widget\" data-widget_type=\"text-editor.default\">\n\t\t\t\t<div class=\"elementor-widget-container\">\n\t\t\t\t\t\t\t\t\t<h3>En Quir\u00f3s Consultores nos interesan tus consultas.<\/h3>\n<span style=\"font-size: 18px;\"><strong>V\u00eda WhatsApp al <\/strong><a style=\"padding: 5px 12px; border-radius: 5px; background-color: #189d0e; color: white; text-shadow: none;\" href=\"https:\/\/web.whatsapp.com\/send?phone=541169730908&amp;text=%C2%A1Hola%20Laura!%20Me%20contacto%20para%20conocer%20m%C3%A1s%20sobre%20sus%20servicios%20de%20asesoramiento.%20Mi%20nombre%20es\">11-6973-0908<\/a>\u00a0<strong>o completando el siguiente formulario<\/strong> y te responderemos a la brevedad.<\/span>\n<div><\/div>\t\t\t\t\t\t\t\t<\/div>\n\t\t\t\t<\/div>\n\t\t\t\t<div class=\"elementor-element elementor-element-8915c54 elementor-widget elementor-widget-html\" data-id=\"8915c54\" data-element_type=\"widget\" data-e-type=\"widget\" data-widget_type=\"html.default\">\n\t\t\t\t<div class=\"elementor-widget-container\">\n\t\t\t\t\t<!--[if lte IE 8]>\n<script charset=\"utf-8\" type=\"text\/javascript\" src=\"\/\/js.hsforms.net\/forms\/v2-legacy.js\"><\/script>\n<![endif]-->\n<script charset=\"utf-8\" type=\"text\/javascript\" src=\"\/\/js.hsforms.net\/forms\/v2.js\"><\/script>\n<script>\n  hbspt.forms.create({\n\tportalId: \"6547601\",\n\tformId: \"da8c87ce-129f-4a2c-8d52-f88d66bbf1eb\"\n});\n<\/script>\n\n<!-- Event snippet for Lead conversion page\nIn your html page, add the snippet and call gtag_report_conversion when someone clicks on the chosen link or button. -->\n<script>\nfunction gtag_report_conversion(url) {\n  var callback = function () {\n    if (typeof(url) != 'undefined') {\n      window.location = url;\n    }\n  };\n  gtag('event', 'conversion', {\n      'send_to': 'AW-809261149\/Z1oTCPiBlIQBEN2w8YED',\n      'event_callback': callback\n  });\n  return false;\n}\n<\/script>\t\t\t\t<\/div>\n\t\t\t\t<\/div>\n\t\t\t\t\t<\/div>\n\t\t<\/div>\n\t\t\t\t<div class=\"elementor-column elementor-col-50 elementor-top-column elementor-element elementor-element-17dabb5\" data-id=\"17dabb5\" data-element_type=\"column\" data-e-type=\"column\">\n\t\t\t<div class=\"elementor-widget-wrap elementor-element-populated\">\n\t\t\t\t\t\t<div class=\"elementor-element elementor-element-7a4d162 elementor-widget elementor-widget-google_maps\" data-id=\"7a4d162\" data-element_type=\"widget\" data-e-type=\"widget\" data-widget_type=\"google_maps.default\">\n\t\t\t\t<div class=\"elementor-widget-container\">\n\t\t\t\t\t\t\t<div class=\"elementor-custom-embed\">\n\t\t\t<iframe loading=\"lazy\"\n\t\t\t\t\tsrc=\"https:\/\/maps.google.com\/maps?q=Franklin%20D.%20Roosevelt%204561%2C%20C1431BYA%20CABA&#038;t=m&#038;z=17&#038;output=embed&#038;iwloc=near\"\n\t\t\t\t\ttitle=\"Franklin D. Roosevelt 4561, C1431BYA CABA\"\n\t\t\t\t\taria-label=\"Franklin D. Roosevelt 4561, C1431BYA CABA\"\n\t\t\t><\/iframe>\n\t\t<\/div>\n\t\t\t\t\t\t<\/div>\n\t\t\t\t<\/div>\n\t\t\t\t\t<\/div>\n\t\t<\/div>\n\t\t\t\t\t<\/div>\n\t\t<\/section>\n\t\t\t\t<section class=\"elementor-section elementor-top-section elementor-element elementor-element-00d3fb3 elementor-section-stretched elementor-hidden-desktop elementor-hidden-tablet elementor-hidden-phone elementor-section-boxed elementor-section-height-default elementor-section-height-default\" data-id=\"00d3fb3\" data-element_type=\"section\" data-e-type=\"section\" data-settings=\"{&quot;stretch_section&quot;:&quot;section-stretched&quot;}\">\n\t\t\t\t\t\t<div class=\"elementor-container elementor-column-gap-default\">\n\t\t\t\t\t<div class=\"elementor-column elementor-col-100 elementor-top-column elementor-element elementor-element-b09c07e\" data-id=\"b09c07e\" data-element_type=\"column\" data-e-type=\"column\">\n\t\t\t<div class=\"elementor-widget-wrap elementor-element-populated\">\n\t\t\t\t\t\t<div class=\"elementor-element elementor-element-ffe5769 elementor-widget__width-initial elementor-widget-tablet__width-initial elementor-absolute elementor-widget elementor-widget-image\" data-id=\"ffe5769\" data-element_type=\"widget\" data-e-type=\"widget\" data-settings=\"{&quot;_position&quot;:&quot;absolute&quot;}\" data-widget_type=\"image.default\">\n\t\t\t\t<div class=\"elementor-widget-container\">\n\t\t\t\t\t\t\t\t\t\t\t\t\t\t\t<img decoding=\"async\" src=\"https:\/\/quirosconsultores.com\/cr-familar-prueba2.ar\/wp-content\/uploads\/2019\/11\/purple_bubble.png\" title=\"\" alt=\"\" loading=\"lazy\" \/>\t\t\t\t\t\t\t\t\t\t\t\t\t\t\t<\/div>\n\t\t\t\t<\/div>\n\t\t\t\t<div class=\"elementor-element elementor-element-b7f647f elementor-widget__width-initial elementor-widget-tablet__width-initial elementor-absolute elementor-hidden-tablet elementor-hidden-phone elementor-widget elementor-widget-image\" data-id=\"b7f647f\" data-element_type=\"widget\" data-e-type=\"widget\" data-settings=\"{&quot;_position&quot;:&quot;absolute&quot;}\" data-widget_type=\"image.default\">\n\t\t\t\t<div class=\"elementor-widget-container\">\n\t\t\t\t\t\t\t\t\t\t\t\t\t\t\t<img decoding=\"async\" src=\"https:\/\/quirosconsultores.com\/cr-familar-prueba2.ar\/wp-content\/uploads\/2019\/11\/orange_bubble-1.png\" title=\"\" alt=\"\" loading=\"lazy\" \/>\t\t\t\t\t\t\t\t\t\t\t\t\t\t\t<\/div>\n\t\t\t\t<\/div>\n\t\t\t\t<div class=\"elementor-element elementor-element-747e0c7 elementor-widget__width-initial elementor-absolute elementor-widget elementor-widget-image\" data-id=\"747e0c7\" data-element_type=\"widget\" data-e-type=\"widget\" data-settings=\"{&quot;_position&quot;:&quot;absolute&quot;}\" data-widget_type=\"image.default\">\n\t\t\t\t<div class=\"elementor-widget-container\">\n\t\t\t\t\t\t\t\t\t\t\t\t\t\t\t<img decoding=\"async\" src=\"https:\/\/quirosconsultores.com\/cr-familar-prueba2.ar\/wp-content\/uploads\/2019\/11\/orange_triangle2.png\" title=\"\" alt=\"\" loading=\"lazy\" \/>\t\t\t\t\t\t\t\t\t\t\t\t\t\t\t<\/div>\n\t\t\t\t<\/div>\n\t\t\t\t<div class=\"elementor-element elementor-element-2ff477d elementor-widget__width-initial elementor-absolute elementor-widget elementor-widget-image\" data-id=\"2ff477d\" data-element_type=\"widget\" data-e-type=\"widget\" data-settings=\"{&quot;_position&quot;:&quot;absolute&quot;}\" data-widget_type=\"image.default\">\n\t\t\t\t<div class=\"elementor-widget-container\">\n\t\t\t\t\t\t\t\t\t\t\t\t\t\t\t<img decoding=\"async\" src=\"https:\/\/quirosconsultores.com\/cr-familar-prueba2.ar\/wp-content\/uploads\/2019\/11\/orange_triangle-1.png\" title=\"\" alt=\"\" loading=\"lazy\" \/>\t\t\t\t\t\t\t\t\t\t\t\t\t\t\t<\/div>\n\t\t\t\t<\/div>\n\t\t\t\t<div class=\"elementor-element elementor-element-9283879 elementor-widget__width-initial elementor-absolute elementor-widget elementor-widget-image\" data-id=\"9283879\" data-element_type=\"widget\" data-e-type=\"widget\" data-settings=\"{&quot;_position&quot;:&quot;absolute&quot;}\" data-widget_type=\"image.default\">\n\t\t\t\t<div class=\"elementor-widget-container\">\n\t\t\t\t\t\t\t\t\t\t\t\t\t\t\t<img decoding=\"async\" src=\"https:\/\/quirosconsultores.com\/cr-familar-prueba2.ar\/wp-content\/uploads\/2019\/11\/orange_triangle-1.png\" title=\"\" alt=\"\" loading=\"lazy\" \/>\t\t\t\t\t\t\t\t\t\t\t\t\t\t\t<\/div>\n\t\t\t\t<\/div>\n\t\t\t\t<div class=\"elementor-element elementor-element-2762273 elementor-widget__width-initial elementor-widget-tablet__width-initial elementor-absolute elementor-widget elementor-widget-image\" data-id=\"2762273\" data-element_type=\"widget\" data-e-type=\"widget\" data-settings=\"{&quot;_position&quot;:&quot;absolute&quot;}\" data-widget_type=\"image.default\">\n\t\t\t\t<div class=\"elementor-widget-container\">\n\t\t\t\t\t\t\t\t\t\t\t\t\t\t\t<img decoding=\"async\" src=\"https:\/\/quirosconsultores.com\/cr-familar-prueba2.ar\/wp-content\/uploads\/2019\/11\/purple_bubble.png\" title=\"\" alt=\"\" loading=\"lazy\" \/>\t\t\t\t\t\t\t\t\t\t\t\t\t\t\t<\/div>\n\t\t\t\t<\/div>\n\t\t\t\t<div class=\"elementor-element elementor-element-0427716 elementor-widget__width-initial elementor-widget-tablet__width-initial elementor-absolute elementor-widget elementor-widget-image\" data-id=\"0427716\" data-element_type=\"widget\" data-e-type=\"widget\" data-settings=\"{&quot;_position&quot;:&quot;absolute&quot;}\" data-widget_type=\"image.default\">\n\t\t\t\t<div class=\"elementor-widget-container\">\n\t\t\t\t\t\t\t\t\t\t\t\t\t\t\t<img decoding=\"async\" src=\"https:\/\/quirosconsultores.com\/cr-familar-prueba2.ar\/wp-content\/uploads\/2019\/11\/orange_bubble-1.png\" title=\"\" alt=\"\" loading=\"lazy\" \/>\t\t\t\t\t\t\t\t\t\t\t\t\t\t\t<\/div>\n\t\t\t\t<\/div>\n\t\t\t\t<div class=\"elementor-element elementor-element-020f972 elementor-widget elementor-widget-heading\" data-id=\"020f972\" data-element_type=\"widget\" data-e-type=\"widget\" data-widget_type=\"heading.default\">\n\t\t\t\t<div class=\"elementor-widget-container\">\n\t\t\t\t\t<h1 class=\"elementor-heading-title elementor-size-default\">Planning is bringing the future into the present<\/h1>\t\t\t\t<\/div>\n\t\t\t\t<\/div>\n\t\t\t\t<div class=\"elementor-element elementor-element-db71f74 elementor-widget elementor-widget-heading\" data-id=\"db71f74\" data-element_type=\"widget\" data-e-type=\"widget\" data-widget_type=\"heading.default\">\n\t\t\t\t<div class=\"elementor-widget-container\">\n\t\t\t\t\t<span class=\"elementor-heading-title elementor-size-default\">Statement buttons cover-up tweaks patch pockets perennial lapel collar flap chest pockets topline stitching cropped jacket. Effortless comfortable full leather lining eye-catching unique detail to the toe low \u2018cut-away\u2019 sides clean and sleek. Polished finish elegant court shoe work.<\/span>\t\t\t\t<\/div>\n\t\t\t\t<\/div>\n\t\t\t\t\t<\/div>\n\t\t<\/div>\n\t\t\t\t\t<\/div>\n\t\t<\/section>\n\t\t\t\t<section class=\"elementor-section elementor-top-section elementor-element elementor-element-4b19175f elementor-hidden-desktop elementor-hidden-tablet elementor-hidden-phone elementor-section-boxed elementor-section-height-default elementor-section-height-default\" data-id=\"4b19175f\" data-element_type=\"section\" data-e-type=\"section\">\n\t\t\t\t\t\t<div class=\"elementor-container elementor-column-gap-default\">\n\t\t\t\t\t<div class=\"elementor-column elementor-col-33 elementor-top-column elementor-element elementor-element-46a5684\" data-id=\"46a5684\" data-element_type=\"column\" data-e-type=\"column\">\n\t\t\t<div class=\"elementor-widget-wrap elementor-element-populated\">\n\t\t\t\t\t\t<div class=\"elementor-element elementor-element-6f705f9e animated-fast elementor-invisible elementor-widget elementor-widget-counter\" data-id=\"6f705f9e\" data-element_type=\"widget\" data-e-type=\"widget\" data-settings=\"{&quot;_animation&quot;:&quot;fadeInUp&quot;,&quot;_animation_delay&quot;:100}\" data-widget_type=\"counter.default\">\n\t\t\t\t<div class=\"elementor-widget-container\">\n\t\t\t\t\t\t\t<div class=\"elementor-counter\">\n\t\t\t<div class=\"elementor-counter-title\">Analysts<\/div>\t\t\t<div class=\"elementor-counter-number-wrapper\">\n\t\t\t\t<span class=\"elementor-counter-number-prefix\"><\/span>\n\t\t\t\t<span class=\"elementor-counter-number\" data-duration=\"2000\" data-to-value=\"70\" data-from-value=\"0\" data-delimiter=\",\">0<\/span>\n\t\t\t\t<span class=\"elementor-counter-number-suffix\">+<\/span>\n\t\t\t<\/div>\n\t\t<\/div>\n\t\t\t\t\t\t<\/div>\n\t\t\t\t<\/div>\n\t\t\t\t\t<\/div>\n\t\t<\/div>\n\t\t\t\t<div class=\"elementor-column elementor-col-33 elementor-top-column elementor-element elementor-element-216f7c26\" data-id=\"216f7c26\" data-element_type=\"column\" data-e-type=\"column\">\n\t\t\t<div class=\"elementor-widget-wrap elementor-element-populated\">\n\t\t\t\t\t\t<div class=\"elementor-element elementor-element-66c9a03e animated-fast elementor-invisible elementor-widget elementor-widget-counter\" data-id=\"66c9a03e\" data-element_type=\"widget\" data-e-type=\"widget\" data-settings=\"{&quot;_animation&quot;:&quot;fadeInUp&quot;,&quot;_animation_delay&quot;:200}\" data-widget_type=\"counter.default\">\n\t\t\t\t<div class=\"elementor-widget-container\">\n\t\t\t\t\t\t\t<div class=\"elementor-counter\">\n\t\t\t<div class=\"elementor-counter-title\">Satisfaction<\/div>\t\t\t<div class=\"elementor-counter-number-wrapper\">\n\t\t\t\t<span class=\"elementor-counter-number-prefix\"><\/span>\n\t\t\t\t<span class=\"elementor-counter-number\" data-duration=\"2000\" data-to-value=\"99\" data-from-value=\"0\" data-delimiter=\",\">0<\/span>\n\t\t\t\t<span class=\"elementor-counter-number-suffix\">%<\/span>\n\t\t\t<\/div>\n\t\t<\/div>\n\t\t\t\t\t\t<\/div>\n\t\t\t\t<\/div>\n\t\t\t\t\t<\/div>\n\t\t<\/div>\n\t\t\t\t<div class=\"elementor-column elementor-col-33 elementor-top-column elementor-element elementor-element-349e65c0\" data-id=\"349e65c0\" data-element_type=\"column\" data-e-type=\"column\">\n\t\t\t<div class=\"elementor-widget-wrap elementor-element-populated\">\n\t\t\t\t\t\t<div class=\"elementor-element elementor-element-10b9c99b animated-fast elementor-invisible elementor-widget elementor-widget-counter\" data-id=\"10b9c99b\" data-element_type=\"widget\" data-e-type=\"widget\" data-settings=\"{&quot;_animation&quot;:&quot;fadeInUp&quot;,&quot;_animation_delay&quot;:300}\" data-widget_type=\"counter.default\">\n\t\t\t\t<div class=\"elementor-widget-container\">\n\t\t\t\t\t\t\t<div class=\"elementor-counter\">\n\t\t\t<div class=\"elementor-counter-title\">Return Rate<\/div>\t\t\t<div class=\"elementor-counter-number-wrapper\">\n\t\t\t\t<span class=\"elementor-counter-number-prefix\"><\/span>\n\t\t\t\t<span class=\"elementor-counter-number\" data-duration=\"500\" data-to-value=\"10\" data-from-value=\"0\" data-delimiter=\",\">0<\/span>\n\t\t\t\t<span class=\"elementor-counter-number-suffix\">x<\/span>\n\t\t\t<\/div>\n\t\t<\/div>\n\t\t\t\t\t\t<\/div>\n\t\t\t\t<\/div>\n\t\t\t\t\t<\/div>\n\t\t<\/div>\n\t\t\t\t\t<\/div>\n\t\t<\/section>\n\t\t\t\t<\/div>\n\t\t","protected":false},"excerpt":{"rendered":"<p>Comun\u00edcate con nosotros En Quir\u00f3s Consultores nos interesan tus consultas. V\u00eda WhatsApp al 11-6973-0908\u00a0o completando el siguiente formulario y te responderemos a la brevedad. Planning is bringing the future into the present Statement buttons cover-up tweaks patch pockets perennial lapel [&hellip;]<\/p>\n","protected":false},"author":1,"featured_media":0,"parent":0,"menu_order":0,"comment_status":"closed","ping_status":"closed","template":"","meta":{"footnotes":""},"class_list":["post-5858","page","type-page","status-publish","hentry"],"yoast_head":"<!-- This site is optimized with the Yoast SEO plugin v27.5 - https:\/\/yoast.com\/product\/yoast-seo-wordpress\/ -->\n<title>Quir\u00f3s Consultores-Comun\u00edquese con nosotros, en breve responderemos.<\/title>\n<meta name=\"description\" content=\"Quir\u00f3s Consultores-Comun\u00edquese con nosotros, v\u00eda whatsapp o complete el formulario y le responderemos a la brevedad.\" \/>\n<meta name=\"robots\" content=\"index, follow, max-snippet:-1, max-image-preview:large, max-video-preview:-1\" \/>\n<link rel=\"canonical\" href=\"https:\/\/quirosconsultores.com\/modelo-bn\/contacto\/\" \/>\n<meta property=\"og:locale\" content=\"es_ES\" \/>\n<meta property=\"og:type\" content=\"article\" \/>\n<meta property=\"og:title\" content=\"Quir\u00f3s Consultores-Comun\u00edquese con nosotros, en breve responderemos.\" \/>\n<meta property=\"og:description\" content=\"Quir\u00f3s Consultores-Comun\u00edquese con nosotros, v\u00eda whatsapp o complete el formulario y le responderemos a la brevedad.\" \/>\n<meta property=\"og:url\" content=\"https:\/\/quirosconsultores.com\/modelo-bn\/contacto\/\" \/>\n<meta property=\"og:site_name\" content=\"Proyecto Modelo\" \/>\n<meta property=\"article:modified_time\" content=\"2021-10-15T12:52:14+00:00\" \/>\n<meta property=\"og:image\" content=\"https:\/\/quirosconsultores.com\/cr-familar-prueba2.ar\/wp-content\/uploads\/sites\/32\/2019\/11\/purple_bubble.png\" \/>\n<meta name=\"twitter:card\" content=\"summary_large_image\" \/>\n<meta name=\"twitter:label1\" content=\"Tiempo de lectura\" \/>\n\t<meta name=\"twitter:data1\" content=\"2 minutos\" \/>\n<script type=\"application\/ld+json\" class=\"yoast-schema-graph\">{\"@context\":\"https:\\\/\\\/schema.org\",\"@graph\":[{\"@type\":\"WebPage\",\"@id\":\"https:\\\/\\\/quirosconsultores.com\\\/modelo-bn\\\/contacto\\\/\",\"url\":\"https:\\\/\\\/quirosconsultores.com\\\/modelo-bn\\\/contacto\\\/\",\"name\":\"Quir\u00f3s Consultores-Comun\u00edquese con nosotros, en breve responderemos.\",\"isPartOf\":{\"@id\":\"https:\\\/\\\/quirosconsultores.com\\\/modelo-bn\\\/#website\"},\"primaryImageOfPage\":{\"@id\":\"https:\\\/\\\/quirosconsultores.com\\\/modelo-bn\\\/contacto\\\/#primaryimage\"},\"image\":{\"@id\":\"https:\\\/\\\/quirosconsultores.com\\\/modelo-bn\\\/contacto\\\/#primaryimage\"},\"thumbnailUrl\":\"https:\\\/\\\/quirosconsultores.com\\\/cr-familar-prueba2.ar\\\/wp-content\\\/uploads\\\/sites\\\/32\\\/2019\\\/11\\\/purple_bubble.png\",\"datePublished\":\"2019-11-25T12:21:02+00:00\",\"dateModified\":\"2021-10-15T12:52:14+00:00\",\"description\":\"Quir\u00f3s Consultores-Comun\u00edquese con nosotros, v\u00eda whatsapp o complete el formulario y le responderemos a la brevedad.\",\"breadcrumb\":{\"@id\":\"https:\\\/\\\/quirosconsultores.com\\\/modelo-bn\\\/contacto\\\/#breadcrumb\"},\"inLanguage\":\"es\",\"potentialAction\":[{\"@type\":\"ReadAction\",\"target\":[\"https:\\\/\\\/quirosconsultores.com\\\/modelo-bn\\\/contacto\\\/\"]}]},{\"@type\":\"ImageObject\",\"inLanguage\":\"es\",\"@id\":\"https:\\\/\\\/quirosconsultores.com\\\/modelo-bn\\\/contacto\\\/#primaryimage\",\"url\":\"https:\\\/\\\/quirosconsultores.com\\\/cr-familar-prueba2.ar\\\/wp-content\\\/uploads\\\/sites\\\/32\\\/2019\\\/11\\\/purple_bubble.png\",\"contentUrl\":\"https:\\\/\\\/quirosconsultores.com\\\/cr-familar-prueba2.ar\\\/wp-content\\\/uploads\\\/sites\\\/32\\\/2019\\\/11\\\/purple_bubble.png\"},{\"@type\":\"BreadcrumbList\",\"@id\":\"https:\\\/\\\/quirosconsultores.com\\\/modelo-bn\\\/contacto\\\/#breadcrumb\",\"itemListElement\":[{\"@type\":\"ListItem\",\"position\":1,\"name\":\"Portada\",\"item\":\"https:\\\/\\\/quirosconsultores.com\\\/modelo-bn\\\/\"},{\"@type\":\"ListItem\",\"position\":2,\"name\":\"Contacto\"}]},{\"@type\":\"WebSite\",\"@id\":\"https:\\\/\\\/quirosconsultores.com\\\/modelo-bn\\\/#website\",\"url\":\"https:\\\/\\\/quirosconsultores.com\\\/modelo-bn\\\/\",\"name\":\"Proyecto Modelo\",\"description\":\"Programa de Desarrollo Empresarial\",\"publisher\":{\"@id\":\"https:\\\/\\\/quirosconsultores.com\\\/modelo-bn\\\/#organization\"},\"potentialAction\":[{\"@type\":\"SearchAction\",\"target\":{\"@type\":\"EntryPoint\",\"urlTemplate\":\"https:\\\/\\\/quirosconsultores.com\\\/modelo-bn\\\/?s={search_term_string}\"},\"query-input\":{\"@type\":\"PropertyValueSpecification\",\"valueRequired\":true,\"valueName\":\"search_term_string\"}}],\"inLanguage\":\"es\"},{\"@type\":\"Organization\",\"@id\":\"https:\\\/\\\/quirosconsultores.com\\\/modelo-bn\\\/#organization\",\"name\":\"Quiros Consultores - Especialistas en pymes y empresas familiares\",\"url\":\"https:\\\/\\\/quirosconsultores.com\\\/modelo-bn\\\/\",\"logo\":{\"@type\":\"ImageObject\",\"inLanguage\":\"es\",\"@id\":\"https:\\\/\\\/quirosconsultores.com\\\/modelo-bn\\\/#\\\/schema\\\/logo\\\/image\\\/\",\"url\":\"https:\\\/\\\/quirosconsultores.com\\\/cr-familar-prueba\\\/wp-content\\\/uploads\\\/sites\\\/32\\\/2022\\\/04\\\/quiros-consultores-02.jpg\",\"contentUrl\":\"https:\\\/\\\/quirosconsultores.com\\\/cr-familar-prueba\\\/wp-content\\\/uploads\\\/sites\\\/32\\\/2022\\\/04\\\/quiros-consultores-02.jpg\",\"width\":1539,\"height\":590,\"caption\":\"Quiros Consultores - Especialistas en pymes y empresas familiares\"},\"image\":{\"@id\":\"https:\\\/\\\/quirosconsultores.com\\\/modelo-bn\\\/#\\\/schema\\\/logo\\\/image\\\/\"}}]}<\/script>\n<!-- \/ Yoast SEO plugin. -->","yoast_head_json":{"title":"Quir\u00f3s Consultores-Comun\u00edquese con nosotros, en breve responderemos.","description":"Quir\u00f3s Consultores-Comun\u00edquese con nosotros, v\u00eda whatsapp o complete el formulario y le responderemos a la brevedad.","robots":{"index":"index","follow":"follow","max-snippet":"max-snippet:-1","max-image-preview":"max-image-preview:large","max-video-preview":"max-video-preview:-1"},"canonical":"https:\/\/quirosconsultores.com\/modelo-bn\/contacto\/","og_locale":"es_ES","og_type":"article","og_title":"Quir\u00f3s Consultores-Comun\u00edquese con nosotros, en breve responderemos.","og_description":"Quir\u00f3s Consultores-Comun\u00edquese con nosotros, v\u00eda whatsapp o complete el formulario y le responderemos a la brevedad.","og_url":"https:\/\/quirosconsultores.com\/modelo-bn\/contacto\/","og_site_name":"Proyecto Modelo","article_modified_time":"2021-10-15T12:52:14+00:00","og_image":[{"url":"https:\/\/quirosconsultores.com\/cr-familar-prueba2.ar\/wp-content\/uploads\/sites\/32\/2019\/11\/purple_bubble.png","type":"","width":"","height":""}],"twitter_card":"summary_large_image","twitter_misc":{"Tiempo de lectura":"2 minutos"},"schema":{"@context":"https:\/\/schema.org","@graph":[{"@type":"WebPage","@id":"https:\/\/quirosconsultores.com\/modelo-bn\/contacto\/","url":"https:\/\/quirosconsultores.com\/modelo-bn\/contacto\/","name":"Quir\u00f3s Consultores-Comun\u00edquese con nosotros, en breve responderemos.","isPartOf":{"@id":"https:\/\/quirosconsultores.com\/modelo-bn\/#website"},"primaryImageOfPage":{"@id":"https:\/\/quirosconsultores.com\/modelo-bn\/contacto\/#primaryimage"},"image":{"@id":"https:\/\/quirosconsultores.com\/modelo-bn\/contacto\/#primaryimage"},"thumbnailUrl":"https:\/\/quirosconsultores.com\/cr-familar-prueba2.ar\/wp-content\/uploads\/sites\/32\/2019\/11\/purple_bubble.png","datePublished":"2019-11-25T12:21:02+00:00","dateModified":"2021-10-15T12:52:14+00:00","description":"Quir\u00f3s Consultores-Comun\u00edquese con nosotros, v\u00eda whatsapp o complete el formulario y le responderemos a la brevedad.","breadcrumb":{"@id":"https:\/\/quirosconsultores.com\/modelo-bn\/contacto\/#breadcrumb"},"inLanguage":"es","potentialAction":[{"@type":"ReadAction","target":["https:\/\/quirosconsultores.com\/modelo-bn\/contacto\/"]}]},{"@type":"ImageObject","inLanguage":"es","@id":"https:\/\/quirosconsultores.com\/modelo-bn\/contacto\/#primaryimage","url":"https:\/\/quirosconsultores.com\/cr-familar-prueba2.ar\/wp-content\/uploads\/sites\/32\/2019\/11\/purple_bubble.png","contentUrl":"https:\/\/quirosconsultores.com\/cr-familar-prueba2.ar\/wp-content\/uploads\/sites\/32\/2019\/11\/purple_bubble.png"},{"@type":"BreadcrumbList","@id":"https:\/\/quirosconsultores.com\/modelo-bn\/contacto\/#breadcrumb","itemListElement":[{"@type":"ListItem","position":1,"name":"Portada","item":"https:\/\/quirosconsultores.com\/modelo-bn\/"},{"@type":"ListItem","position":2,"name":"Contacto"}]},{"@type":"WebSite","@id":"https:\/\/quirosconsultores.com\/modelo-bn\/#website","url":"https:\/\/quirosconsultores.com\/modelo-bn\/","name":"Proyecto Modelo","description":"Programa de Desarrollo Empresarial","publisher":{"@id":"https:\/\/quirosconsultores.com\/modelo-bn\/#organization"},"potentialAction":[{"@type":"SearchAction","target":{"@type":"EntryPoint","urlTemplate":"https:\/\/quirosconsultores.com\/modelo-bn\/?s={search_term_string}"},"query-input":{"@type":"PropertyValueSpecification","valueRequired":true,"valueName":"search_term_string"}}],"inLanguage":"es"},{"@type":"Organization","@id":"https:\/\/quirosconsultores.com\/modelo-bn\/#organization","name":"Quiros Consultores - Especialistas en pymes y empresas familiares","url":"https:\/\/quirosconsultores.com\/modelo-bn\/","logo":{"@type":"ImageObject","inLanguage":"es","@id":"https:\/\/quirosconsultores.com\/modelo-bn\/#\/schema\/logo\/image\/","url":"https:\/\/quirosconsultores.com\/cr-familar-prueba\/wp-content\/uploads\/sites\/32\/2022\/04\/quiros-consultores-02.jpg","contentUrl":"https:\/\/quirosconsultores.com\/cr-familar-prueba\/wp-content\/uploads\/sites\/32\/2022\/04\/quiros-consultores-02.jpg","width":1539,"height":590,"caption":"Quiros Consultores - Especialistas en pymes y empresas familiares"},"image":{"@id":"https:\/\/quirosconsultores.com\/modelo-bn\/#\/schema\/logo\/image\/"}}]}},"_links":{"self":[{"href":"https:\/\/quirosconsultores.com\/modelo-bn\/wp-json\/wp\/v2\/pages\/5858","targetHints":{"allow":["GET"]}}],"collection":[{"href":"https:\/\/quirosconsultores.com\/modelo-bn\/wp-json\/wp\/v2\/pages"}],"about":[{"href":"https:\/\/quirosconsultores.com\/modelo-bn\/wp-json\/wp\/v2\/types\/page"}],"author":[{"embeddable":true,"href":"https:\/\/quirosconsultores.com\/modelo-bn\/wp-json\/wp\/v2\/users\/1"}],"replies":[{"embeddable":true,"href":"https:\/\/quirosconsultores.com\/modelo-bn\/wp-json\/wp\/v2\/comments?post=5858"}],"version-history":[{"count":1,"href":"https:\/\/quirosconsultores.com\/modelo-bn\/wp-json\/wp\/v2\/pages\/5858\/revisions"}],"predecessor-version":[{"id":9790,"href":"https:\/\/quirosconsultores.com\/modelo-bn\/wp-json\/wp\/v2\/pages\/5858\/revisions\/9790"}],"wp:attachment":[{"href":"https:\/\/quirosconsultores.com\/modelo-bn\/wp-json\/wp\/v2\/media?parent=5858"}],"curies":[{"name":"wp","href":"https:\/\/api.w.org\/{rel}","templated":true}]}}