{"id":6808,"date":"2020-03-03T12:25:37","date_gmt":"2020-03-03T15:25:37","guid":{"rendered":"https:\/\/quirosconsultores.com\/cr-familar-prueba2.ar\/\/?page_id=6808"},"modified":"2025-01-22T18:46:27","modified_gmt":"2025-01-22T21:46:27","slug":"empresa-familiar","status":"publish","type":"page","link":"https:\/\/quirosconsultores.com\/mx-familiar\/empresa-familiar\/","title":{"rendered":"Empresa Familiar"},"content":{"rendered":"\t\t<div data-elementor-type=\"wp-page\" data-elementor-id=\"6808\" class=\"elementor elementor-6808\" data-elementor-post-type=\"page\">\n\t\t\t\t\t\t<section class=\"elementor-section elementor-top-section elementor-element elementor-element-380d4e6 elementor-section-stretched elementor-section-height-min-height elementor-section-content-middle elementor-section-boxed elementor-section-height-default elementor-section-items-middle\" data-id=\"380d4e6\" data-element_type=\"section\" data-e-type=\"section\" data-settings=\"{&quot;stretch_section&quot;:&quot;section-stretched&quot;,&quot;background_background&quot;:&quot;classic&quot;}\">\n\t\t\t\t\t\t<div class=\"elementor-container elementor-column-gap-default\">\n\t\t\t\t\t<div class=\"elementor-column elementor-col-100 elementor-top-column elementor-element elementor-element-50051e6\" data-id=\"50051e6\" data-element_type=\"column\" data-e-type=\"column\">\n\t\t\t<div class=\"elementor-widget-wrap elementor-element-populated\">\n\t\t\t\t\t\t<div class=\"elementor-element elementor-element-aa6a230 elementor-widget__width-inherit elementor-widget elementor-widget-heading\" data-id=\"aa6a230\" data-element_type=\"widget\" data-e-type=\"widget\" data-widget_type=\"heading.default\">\n\t\t\t\t<div class=\"elementor-widget-container\">\n\t\t\t\t\t<span class=\"elementor-heading-title elementor-size-default\">Establecer roles y lograr acuerdos en la<\/span>\t\t\t\t<\/div>\n\t\t\t\t<\/div>\n\t\t\t\t<div class=\"elementor-element elementor-element-18a1c93 elementor-widget__width-inherit elementor-widget elementor-widget-heading\" data-id=\"18a1c93\" data-element_type=\"widget\" data-e-type=\"widget\" data-widget_type=\"heading.default\">\n\t\t\t\t<div class=\"elementor-widget-container\">\n\t\t\t\t\t<h2 class=\"elementor-heading-title elementor-size-default\">Empresa Familiar<\/h2>\t\t\t\t<\/div>\n\t\t\t\t<\/div>\n\t\t\t\t\t<\/div>\n\t\t<\/div>\n\t\t\t\t\t<\/div>\n\t\t<\/section>\n\t\t\t\t<section class=\"elementor-section elementor-top-section elementor-element elementor-element-739b2f5 elementor-section-boxed elementor-section-height-default elementor-section-height-default\" data-id=\"739b2f5\" data-element_type=\"section\" data-e-type=\"section\">\n\t\t\t\t\t\t<div class=\"elementor-container elementor-column-gap-default\">\n\t\t\t\t\t<div class=\"elementor-column elementor-col-50 elementor-top-column elementor-element elementor-element-6063b93\" data-id=\"6063b93\" data-element_type=\"column\" data-e-type=\"column\">\n\t\t\t<div class=\"elementor-widget-wrap elementor-element-populated\">\n\t\t\t\t\t\t<div class=\"elementor-element elementor-element-1671627 elementor-widget__width-inherit elementor-widget elementor-widget-heading\" data-id=\"1671627\" data-element_type=\"widget\" data-e-type=\"widget\" data-widget_type=\"heading.default\">\n\t\t\t\t<div class=\"elementor-widget-container\">\n\t\t\t\t\t<h3 class=\"elementor-heading-title elementor-size-default\">Intervenci\u00f3n r\u00e1pida para lograr:\nAcuerdos, Continuidad y Rentabilidad.<\/h3>\t\t\t\t<\/div>\n\t\t\t\t<\/div>\n\t\t\t\t<div class=\"elementor-element elementor-element-05819f0 elementor-widget elementor-widget-text-editor\" data-id=\"05819f0\" data-element_type=\"widget\" data-e-type=\"widget\" data-widget_type=\"text-editor.default\">\n\t\t\t\t<div class=\"elementor-widget-container\">\n\t\t\t\t\t\t\t\t\t<p>Los desacuerdos est\u00e1n presentes en la realidad de todas las empresas familiares. Por lo tanto no siempre es f\u00e1cil, para quienes lo viven desde adentro, equilibrar las expectativas individuales con la marcha del negocio y la armon\u00eda familiar.<\/p><p>La persistencia de los conflictos da como resultado, la imposibilidad de encontrar las alternativas que mejor se adecuen a las expectativas individuales y a la convivencia familiar presente y futura.<\/p><p>Sin embargo existen\u00a0<strong>recursos probados para evitar que el conflicto deteriore lo m\u00e1s valioso que tenemos: los v\u00ednculos familiares. \u00a0A partir de intervenciones puntuales se logra una apertura de posiciones que mejoran de forma inmediata las relaciones y permiten acordar alternativas que todos puedan asumir.<\/strong><\/p>\t\t\t\t\t\t\t\t<\/div>\n\t\t\t\t<\/div>\n\t\t\t\t\t<\/div>\n\t\t<\/div>\n\t\t\t\t<div class=\"elementor-column elementor-col-50 elementor-top-column elementor-element elementor-element-0e03806\" data-id=\"0e03806\" data-element_type=\"column\" data-e-type=\"column\">\n\t\t\t<div class=\"elementor-widget-wrap elementor-element-populated\">\n\t\t\t\t\t\t<div class=\"elementor-element elementor-element-de0f93a elementor-widget elementor-widget-video\" data-id=\"de0f93a\" data-element_type=\"widget\" data-e-type=\"widget\" data-settings=\"{&quot;youtube_url&quot;:&quot;https:\\\/\\\/youtu.be\\\/9LzG4hfTdyQ&quot;,&quot;video_type&quot;:&quot;youtube&quot;,&quot;controls&quot;:&quot;yes&quot;}\" data-widget_type=\"video.default\">\n\t\t\t\t<div class=\"elementor-widget-container\">\n\t\t\t\t\t\t\t<div class=\"elementor-wrapper elementor-open-inline\">\n\t\t\t<div class=\"elementor-video\"><\/div>\t\t<\/div>\n\t\t\t\t\t\t<\/div>\n\t\t\t\t<\/div>\n\t\t\t\t\t<\/div>\n\t\t<\/div>\n\t\t\t\t\t<\/div>\n\t\t<\/section>\n\t\t\t\t<section class=\"elementor-section elementor-top-section elementor-element elementor-element-81c7fc9 elementor-section-content-middle elementor-section-stretched elementor-section-boxed elementor-section-height-default elementor-section-height-default\" data-id=\"81c7fc9\" data-element_type=\"section\" data-e-type=\"section\" data-settings=\"{&quot;stretch_section&quot;:&quot;section-stretched&quot;,&quot;background_background&quot;:&quot;classic&quot;}\">\n\t\t\t\t\t\t<div class=\"elementor-container elementor-column-gap-default\">\n\t\t\t\t\t<div class=\"elementor-column elementor-col-100 elementor-top-column elementor-element elementor-element-f610fcc\" data-id=\"f610fcc\" data-element_type=\"column\" data-e-type=\"column\">\n\t\t\t<div class=\"elementor-widget-wrap elementor-element-populated\">\n\t\t\t\t\t\t<div class=\"elementor-element elementor-element-3f1e696 elementor-widget elementor-widget-heading\" data-id=\"3f1e696\" data-element_type=\"widget\" data-e-type=\"widget\" data-widget_type=\"heading.default\">\n\t\t\t\t<div class=\"elementor-widget-container\">\n\t\t\t\t\t<h3 class=\"elementor-heading-title elementor-size-default\">Envianos tu consulta<\/h3>\t\t\t\t<\/div>\n\t\t\t\t<\/div>\n\t\t\t\t<div class=\"elementor-element elementor-element-68df4eb elementor-widget__width-initial elementor-widget elementor-widget-html\" data-id=\"68df4eb\" data-element_type=\"widget\" data-e-type=\"widget\" data-widget_type=\"html.default\">\n\t\t\t\t<div class=\"elementor-widget-container\">\n\t\t\t\t\t<!--[if lte IE 8]>\n<script charset=\"utf-8\" type=\"text\/javascript\" src=\"\/\/js.hsforms.net\/forms\/v2-legacy.js\"><\/script>\n<![endif]-->\n<script charset=\"utf-8\" type=\"text\/javascript\" src=\"\/\/js.hsforms.net\/forms\/v2.js\"><\/script>\n<script>\n  hbspt.forms.create({\n\tportalId: \"6547601\",\n\tformId: \"5e4e5608-8f6a-435b-9d3c-5054dfaae6a7\"\n});\n<\/script>\t\t\t\t<\/div>\n\t\t\t\t<\/div>\n\t\t\t\t\t<\/div>\n\t\t<\/div>\n\t\t\t\t\t<\/div>\n\t\t<\/section>\n\t\t\t\t<\/div>\n\t\t","protected":false},"excerpt":{"rendered":"<p>Establecer roles y lograr acuerdos en la Empresa Familiar Intervenci\u00f3n r\u00e1pida para lograr: Acuerdos, Continuidad y Rentabilidad. Los desacuerdos est\u00e1n presentes en la realidad de todas las empresas familiares. Por lo tanto no siempre es f\u00e1cil, para quienes lo viven [&hellip;]<\/p>\n","protected":false},"author":1,"featured_media":6610,"parent":0,"menu_order":0,"comment_status":"closed","ping_status":"closed","template":"elementor_header_footer","meta":{"footnotes":""},"class_list":["post-6808","page","type-page","status-publish","has-post-thumbnail","hentry"],"yoast_head":"<!-- This site is optimized with the Yoast SEO plugin v27.5 - https:\/\/yoast.com\/product\/yoast-seo-wordpress\/ -->\n<title>Quir\u00f3s Consultores - Empresa Familiar - Expertos en Pymes<\/title>\n<meta name=\"description\" content=\"Quir\u00f3s Consultores - Empresa Familiar. Intervenciones puntuales logran una apertura de posiciones que mejoran inmediatamente las relaciones\" \/>\n<meta name=\"robots\" content=\"index, follow, max-snippet:-1, max-image-preview:large, max-video-preview:-1\" \/>\n<link rel=\"canonical\" href=\"https:\/\/quirosconsultores.com\/mx-familiar\/empresa-familiar\/\" \/>\n<meta property=\"og:locale\" content=\"es_ES\" \/>\n<meta property=\"og:type\" content=\"article\" \/>\n<meta property=\"og:title\" content=\"Quir\u00f3s Consultores - Empresa Familiar - Expertos en Pymes\" \/>\n<meta property=\"og:description\" content=\"Quir\u00f3s Consultores - Empresa Familiar. Intervenciones puntuales logran una apertura de posiciones que mejoran inmediatamente las relaciones\" \/>\n<meta property=\"og:url\" content=\"https:\/\/quirosconsultores.com\/mx-familiar\/empresa-familiar\/\" \/>\n<meta property=\"article:modified_time\" content=\"2025-01-22T21:46:27+00:00\" \/>\n<meta property=\"og:image\" content=\"https:\/\/quirosconsultores.com\/mx-familiar\/wp-content\/uploads\/sites\/26\/2020\/02\/logo-quiros.png\" \/>\n\t<meta property=\"og:image:width\" content=\"342\" \/>\n\t<meta property=\"og:image:height\" content=\"109\" \/>\n\t<meta property=\"og:image:type\" content=\"image\/png\" \/>\n<meta name=\"twitter:card\" content=\"summary_large_image\" \/>\n<meta name=\"twitter:label1\" content=\"Tiempo de lectura\" \/>\n\t<meta name=\"twitter:data1\" content=\"1 minuto\" \/>\n<script type=\"application\/ld+json\" class=\"yoast-schema-graph\">{\"@context\":\"https:\\\/\\\/schema.org\",\"@graph\":[{\"@type\":\"WebPage\",\"@id\":\"https:\\\/\\\/quirosconsultores.com\\\/mx-familiar\\\/empresa-familiar\\\/\",\"url\":\"https:\\\/\\\/quirosconsultores.com\\\/mx-familiar\\\/empresa-familiar\\\/\",\"name\":\"Quir\u00f3s Consultores - Empresa Familiar - Expertos en Pymes\",\"isPartOf\":{\"@id\":\"https:\\\/\\\/quirosconsultores.com\\\/mx-familiar\\\/#website\"},\"primaryImageOfPage\":{\"@id\":\"https:\\\/\\\/quirosconsultores.com\\\/mx-familiar\\\/empresa-familiar\\\/#primaryimage\"},\"image\":{\"@id\":\"https:\\\/\\\/quirosconsultores.com\\\/mx-familiar\\\/empresa-familiar\\\/#primaryimage\"},\"thumbnailUrl\":\"https:\\\/\\\/quirosconsultores.com\\\/mx-familiar\\\/wp-content\\\/uploads\\\/sites\\\/26\\\/2020\\\/02\\\/logo-quiros.png\",\"datePublished\":\"2020-03-03T15:25:37+00:00\",\"dateModified\":\"2025-01-22T21:46:27+00:00\",\"description\":\"Quir\u00f3s Consultores - Empresa Familiar. Intervenciones puntuales logran una apertura de posiciones que mejoran inmediatamente las relaciones\",\"breadcrumb\":{\"@id\":\"https:\\\/\\\/quirosconsultores.com\\\/mx-familiar\\\/empresa-familiar\\\/#breadcrumb\"},\"inLanguage\":\"es\",\"potentialAction\":[{\"@type\":\"ReadAction\",\"target\":[\"https:\\\/\\\/quirosconsultores.com\\\/mx-familiar\\\/empresa-familiar\\\/\"]}]},{\"@type\":\"ImageObject\",\"inLanguage\":\"es\",\"@id\":\"https:\\\/\\\/quirosconsultores.com\\\/mx-familiar\\\/empresa-familiar\\\/#primaryimage\",\"url\":\"https:\\\/\\\/quirosconsultores.com\\\/mx-familiar\\\/wp-content\\\/uploads\\\/sites\\\/26\\\/2020\\\/02\\\/logo-quiros.png\",\"contentUrl\":\"https:\\\/\\\/quirosconsultores.com\\\/mx-familiar\\\/wp-content\\\/uploads\\\/sites\\\/26\\\/2020\\\/02\\\/logo-quiros.png\",\"width\":342,\"height\":109,\"caption\":\"Elevamos tu capacidad empresaria, transformamos tu organizaci\u00f3n y te guiamos a los resultados que buscas para tu negocio\"},{\"@type\":\"BreadcrumbList\",\"@id\":\"https:\\\/\\\/quirosconsultores.com\\\/mx-familiar\\\/empresa-familiar\\\/#breadcrumb\",\"itemListElement\":[{\"@type\":\"ListItem\",\"position\":1,\"name\":\"Portada\",\"item\":\"https:\\\/\\\/quirosconsultores.com\\\/mx-familiar\\\/\"},{\"@type\":\"ListItem\",\"position\":2,\"name\":\"Empresa Familiar\"}]},{\"@type\":\"WebSite\",\"@id\":\"https:\\\/\\\/quirosconsultores.com\\\/mx-familiar\\\/#website\",\"url\":\"https:\\\/\\\/quirosconsultores.com\\\/mx-familiar\\\/\",\"name\":\"\",\"description\":\"Consultor\u00eda y Asesor\u00eda en Empresas Familiares\",\"publisher\":{\"@id\":\"https:\\\/\\\/quirosconsultores.com\\\/mx-familiar\\\/#organization\"},\"potentialAction\":[{\"@type\":\"SearchAction\",\"target\":{\"@type\":\"EntryPoint\",\"urlTemplate\":\"https:\\\/\\\/quirosconsultores.com\\\/mx-familiar\\\/?s={search_term_string}\"},\"query-input\":{\"@type\":\"PropertyValueSpecification\",\"valueRequired\":true,\"valueName\":\"search_term_string\"}}],\"inLanguage\":\"es\"},{\"@type\":\"Organization\",\"@id\":\"https:\\\/\\\/quirosconsultores.com\\\/mx-familiar\\\/#organization\",\"name\":\"Quiros Consultores - Especialistas en pymes y empresas familiares\",\"url\":\"https:\\\/\\\/quirosconsultores.com\\\/mx-familiar\\\/\",\"logo\":{\"@type\":\"ImageObject\",\"inLanguage\":\"es\",\"@id\":\"https:\\\/\\\/quirosconsultores.com\\\/mx-familiar\\\/#\\\/schema\\\/logo\\\/image\\\/\",\"url\":\"https:\\\/\\\/quirosconsultores.com\\\/cr-familar-prueba\\\/wp-content\\\/uploads\\\/sites\\\/26\\\/2022\\\/04\\\/quiros-consultores-02.jpg\",\"contentUrl\":\"https:\\\/\\\/quirosconsultores.com\\\/cr-familar-prueba\\\/wp-content\\\/uploads\\\/sites\\\/26\\\/2022\\\/04\\\/quiros-consultores-02.jpg\",\"width\":1539,\"height\":590,\"caption\":\"Quiros Consultores - Especialistas en pymes y empresas familiares\"},\"image\":{\"@id\":\"https:\\\/\\\/quirosconsultores.com\\\/mx-familiar\\\/#\\\/schema\\\/logo\\\/image\\\/\"}}]}<\/script>\n<!-- \/ Yoast SEO plugin. -->","yoast_head_json":{"title":"Quir\u00f3s Consultores - Empresa Familiar - Expertos en Pymes","description":"Quir\u00f3s Consultores - Empresa Familiar. Intervenciones puntuales logran una apertura de posiciones que mejoran inmediatamente las relaciones","robots":{"index":"index","follow":"follow","max-snippet":"max-snippet:-1","max-image-preview":"max-image-preview:large","max-video-preview":"max-video-preview:-1"},"canonical":"https:\/\/quirosconsultores.com\/mx-familiar\/empresa-familiar\/","og_locale":"es_ES","og_type":"article","og_title":"Quir\u00f3s Consultores - Empresa Familiar - Expertos en Pymes","og_description":"Quir\u00f3s Consultores - Empresa Familiar. Intervenciones puntuales logran una apertura de posiciones que mejoran inmediatamente las relaciones","og_url":"https:\/\/quirosconsultores.com\/mx-familiar\/empresa-familiar\/","article_modified_time":"2025-01-22T21:46:27+00:00","og_image":[{"width":342,"height":109,"url":"https:\/\/quirosconsultores.com\/mx-familiar\/wp-content\/uploads\/sites\/26\/2020\/02\/logo-quiros.png","type":"image\/png"}],"twitter_card":"summary_large_image","twitter_misc":{"Tiempo de lectura":"1 minuto"},"schema":{"@context":"https:\/\/schema.org","@graph":[{"@type":"WebPage","@id":"https:\/\/quirosconsultores.com\/mx-familiar\/empresa-familiar\/","url":"https:\/\/quirosconsultores.com\/mx-familiar\/empresa-familiar\/","name":"Quir\u00f3s Consultores - Empresa Familiar - Expertos en Pymes","isPartOf":{"@id":"https:\/\/quirosconsultores.com\/mx-familiar\/#website"},"primaryImageOfPage":{"@id":"https:\/\/quirosconsultores.com\/mx-familiar\/empresa-familiar\/#primaryimage"},"image":{"@id":"https:\/\/quirosconsultores.com\/mx-familiar\/empresa-familiar\/#primaryimage"},"thumbnailUrl":"https:\/\/quirosconsultores.com\/mx-familiar\/wp-content\/uploads\/sites\/26\/2020\/02\/logo-quiros.png","datePublished":"2020-03-03T15:25:37+00:00","dateModified":"2025-01-22T21:46:27+00:00","description":"Quir\u00f3s Consultores - Empresa Familiar. Intervenciones puntuales logran una apertura de posiciones que mejoran inmediatamente las relaciones","breadcrumb":{"@id":"https:\/\/quirosconsultores.com\/mx-familiar\/empresa-familiar\/#breadcrumb"},"inLanguage":"es","potentialAction":[{"@type":"ReadAction","target":["https:\/\/quirosconsultores.com\/mx-familiar\/empresa-familiar\/"]}]},{"@type":"ImageObject","inLanguage":"es","@id":"https:\/\/quirosconsultores.com\/mx-familiar\/empresa-familiar\/#primaryimage","url":"https:\/\/quirosconsultores.com\/mx-familiar\/wp-content\/uploads\/sites\/26\/2020\/02\/logo-quiros.png","contentUrl":"https:\/\/quirosconsultores.com\/mx-familiar\/wp-content\/uploads\/sites\/26\/2020\/02\/logo-quiros.png","width":342,"height":109,"caption":"Elevamos tu capacidad empresaria, transformamos tu organizaci\u00f3n y te guiamos a los resultados que buscas para tu negocio"},{"@type":"BreadcrumbList","@id":"https:\/\/quirosconsultores.com\/mx-familiar\/empresa-familiar\/#breadcrumb","itemListElement":[{"@type":"ListItem","position":1,"name":"Portada","item":"https:\/\/quirosconsultores.com\/mx-familiar\/"},{"@type":"ListItem","position":2,"name":"Empresa Familiar"}]},{"@type":"WebSite","@id":"https:\/\/quirosconsultores.com\/mx-familiar\/#website","url":"https:\/\/quirosconsultores.com\/mx-familiar\/","name":"","description":"Consultor\u00eda y Asesor\u00eda en Empresas Familiares","publisher":{"@id":"https:\/\/quirosconsultores.com\/mx-familiar\/#organization"},"potentialAction":[{"@type":"SearchAction","target":{"@type":"EntryPoint","urlTemplate":"https:\/\/quirosconsultores.com\/mx-familiar\/?s={search_term_string}"},"query-input":{"@type":"PropertyValueSpecification","valueRequired":true,"valueName":"search_term_string"}}],"inLanguage":"es"},{"@type":"Organization","@id":"https:\/\/quirosconsultores.com\/mx-familiar\/#organization","name":"Quiros Consultores - Especialistas en pymes y empresas familiares","url":"https:\/\/quirosconsultores.com\/mx-familiar\/","logo":{"@type":"ImageObject","inLanguage":"es","@id":"https:\/\/quirosconsultores.com\/mx-familiar\/#\/schema\/logo\/image\/","url":"https:\/\/quirosconsultores.com\/cr-familar-prueba\/wp-content\/uploads\/sites\/26\/2022\/04\/quiros-consultores-02.jpg","contentUrl":"https:\/\/quirosconsultores.com\/cr-familar-prueba\/wp-content\/uploads\/sites\/26\/2022\/04\/quiros-consultores-02.jpg","width":1539,"height":590,"caption":"Quiros Consultores - Especialistas en pymes y empresas familiares"},"image":{"@id":"https:\/\/quirosconsultores.com\/mx-familiar\/#\/schema\/logo\/image\/"}}]}},"_links":{"self":[{"href":"https:\/\/quirosconsultores.com\/mx-familiar\/wp-json\/wp\/v2\/pages\/6808","targetHints":{"allow":["GET"]}}],"collection":[{"href":"https:\/\/quirosconsultores.com\/mx-familiar\/wp-json\/wp\/v2\/pages"}],"about":[{"href":"https:\/\/quirosconsultores.com\/mx-familiar\/wp-json\/wp\/v2\/types\/page"}],"author":[{"embeddable":true,"href":"https:\/\/quirosconsultores.com\/mx-familiar\/wp-json\/wp\/v2\/users\/1"}],"replies":[{"embeddable":true,"href":"https:\/\/quirosconsultores.com\/mx-familiar\/wp-json\/wp\/v2\/comments?post=6808"}],"version-history":[{"count":2,"href":"https:\/\/quirosconsultores.com\/mx-familiar\/wp-json\/wp\/v2\/pages\/6808\/revisions"}],"predecessor-version":[{"id":11261,"href":"https:\/\/quirosconsultores.com\/mx-familiar\/wp-json\/wp\/v2\/pages\/6808\/revisions\/11261"}],"wp:featuredmedia":[{"embeddable":true,"href":"https:\/\/quirosconsultores.com\/mx-familiar\/wp-json\/wp\/v2\/media\/6610"}],"wp:attachment":[{"href":"https:\/\/quirosconsultores.com\/mx-familiar\/wp-json\/wp\/v2\/media?parent=6808"}],"curies":[{"name":"wp","href":"https:\/\/api.w.org\/{rel}","templated":true}]}}