{"id":10669,"date":"2022-03-04T16:36:57","date_gmt":"2022-03-04T21:36:57","guid":{"rendered":"https:\/\/quirosconsultores.com\/pasarlaposta\/?page_id=10669"},"modified":"2022-07-19T10:27:42","modified_gmt":"2022-07-19T15:27:42","slug":"enlace-pasar-la-posta","status":"publish","type":"page","link":"https:\/\/quirosconsultores.com\/pasarlaposta\/enlace-pasar-la-posta\/","title":{"rendered":"Enlace Pasar la posta"},"content":{"rendered":"\t\t<div data-elementor-type=\"wp-page\" data-elementor-id=\"10669\" class=\"elementor elementor-10669\" data-elementor-post-type=\"page\">\n\t\t\t\t\t\t<section class=\"elementor-section elementor-top-section elementor-element elementor-element-ec65e60 elementor-section-stretched elementor-section-height-min-height elementor-section-content-middle elementor-section-boxed elementor-section-height-default elementor-section-items-middle\" data-id=\"ec65e60\" data-element_type=\"section\" data-e-type=\"section\" data-settings=\"{&quot;stretch_section&quot;:&quot;section-stretched&quot;,&quot;background_background&quot;:&quot;classic&quot;}\">\n\t\t\t\t\t\t\t<div class=\"elementor-background-overlay\"><\/div>\n\t\t\t\t\t\t\t<div class=\"elementor-container elementor-column-gap-default\">\n\t\t\t\t\t<div class=\"elementor-column elementor-col-50 elementor-top-column elementor-element elementor-element-e4c630b\" data-id=\"e4c630b\" data-element_type=\"column\" data-e-type=\"column\">\n\t\t\t<div class=\"elementor-widget-wrap elementor-element-populated\">\n\t\t\t\t\t\t<div class=\"elementor-element elementor-element-5dc8dca elementor-widget__width-inherit elementor-widget elementor-widget-heading\" data-id=\"5dc8dca\" data-element_type=\"widget\" data-e-type=\"widget\" data-widget_type=\"heading.default\">\n\t\t\t\t<div class=\"elementor-widget-container\">\n\t\t\t\t\t<span class=\"elementor-heading-title elementor-size-default\">C\u00f3mo ordenar las finanzas \nsin saber\n de finanzas<\/span>\t\t\t\t<\/div>\n\t\t\t\t<\/div>\n\t\t\t\t<div class=\"elementor-element elementor-element-d3ed20d elementor-widget__width-inherit elementor-widget elementor-widget-heading\" data-id=\"d3ed20d\" data-element_type=\"widget\" data-e-type=\"widget\" data-widget_type=\"heading.default\">\n\t\t\t\t<div class=\"elementor-widget-container\">\n\t\t\t\t\t<h2 class=\"elementor-heading-title elementor-size-default\">PLAN DE NEGOCIOS Workshop online\n<\/h2>\t\t\t\t<\/div>\n\t\t\t\t<\/div>\n\t\t\t\t<div class=\"elementor-element elementor-element-8e6e3f7 elementor-widget elementor-widget-text-editor\" data-id=\"8e6e3f7\" data-element_type=\"widget\" data-e-type=\"widget\" data-widget_type=\"text-editor.default\">\n\t\t\t\t<div class=\"elementor-widget-container\">\n\t\t\t\t\t\t\t\t\t<p>Acceda al zoom del evento haciendo click en el siguiente bot\u00f3n.<\/p>\t\t\t\t\t\t\t\t<\/div>\n\t\t\t\t<\/div>\n\t\t\t\t<div class=\"elementor-element elementor-element-6a9898e elementor-widget elementor-widget-button\" data-id=\"6a9898e\" data-element_type=\"widget\" data-e-type=\"widget\" data-widget_type=\"button.default\">\n\t\t\t\t<div class=\"elementor-widget-container\">\n\t\t\t\t\t\t\t\t\t<div class=\"elementor-button-wrapper\">\n\t\t\t\t\t<a class=\"elementor-button elementor-button-link elementor-size-md\" href=\"https:\/\/us02web.zoom.us\/j\/2999566989\">\n\t\t\t\t\t\t<span class=\"elementor-button-content-wrapper\">\n\t\t\t\t\t\t\t\t\t<span class=\"elementor-button-text\">Acceder al evento<\/span>\n\t\t\t\t\t<\/span>\n\t\t\t\t\t<\/a>\n\t\t\t\t<\/div>\n\t\t\t\t\t\t\t\t<\/div>\n\t\t\t\t<\/div>\n\t\t\t\t<div class=\"elementor-element elementor-element-2a6f9a3 elementor-widget elementor-widget-text-editor\" data-id=\"2a6f9a3\" data-element_type=\"widget\" data-e-type=\"widget\" data-widget_type=\"text-editor.default\">\n\t\t\t\t<div class=\"elementor-widget-container\">\n\t\t\t\t\t\t\t\t\t<p>ID de reuni\u00f3n: 299 956 6989<\/p>\t\t\t\t\t\t\t\t<\/div>\n\t\t\t\t<\/div>\n\t\t\t\t\t<\/div>\n\t\t<\/div>\n\t\t\t\t<div class=\"elementor-column elementor-col-50 elementor-top-column elementor-element elementor-element-1c10572\" data-id=\"1c10572\" data-element_type=\"column\" data-e-type=\"column\">\n\t\t\t<div class=\"elementor-widget-wrap elementor-element-populated\">\n\t\t\t\t\t\t<div class=\"elementor-element elementor-element-564f6f6 elementor-widget elementor-widget-text-editor\" data-id=\"564f6f6\" data-element_type=\"widget\" data-e-type=\"widget\" data-widget_type=\"text-editor.default\">\n\t\t\t\t<div class=\"elementor-widget-container\">\n\t\t\t\t\t\t\t\t\t<p style=\"text-align: center;\">10 de Marzo \/ 5PM ECUADOR\u00a0<\/p>\t\t\t\t\t\t\t\t<\/div>\n\t\t\t\t<\/div>\n\t\t\t\t<div class=\"elementor-element elementor-element-01cd35b elementor-widget elementor-widget-shortcode\" data-id=\"01cd35b\" data-element_type=\"widget\" data-e-type=\"widget\" data-widget_type=\"shortcode.default\">\n\t\t\t\t<div class=\"elementor-widget-container\">\n\t\t\t\t\t\t\t<div class=\"elementor-shortcode\">[waiting name=\"Webinar\"]\t<\/div>\n\t\t\t\t\t\t<\/div>\n\t\t\t\t<\/div>\n\t\t\t\t\t<\/div>\n\t\t<\/div>\n\t\t\t\t\t<\/div>\n\t\t<\/section>\n\t\t\t\t<section class=\"elementor-section elementor-top-section elementor-element elementor-element-2988844 elementor-section-boxed elementor-section-height-default elementor-section-height-default elementor-invisible\" data-id=\"2988844\" data-element_type=\"section\" data-e-type=\"section\" data-settings=\"{&quot;animation&quot;:&quot;fadeIn&quot;}\">\n\t\t\t\t\t\t<div class=\"elementor-container elementor-column-gap-default\">\n\t\t\t\t\t<div class=\"elementor-column elementor-col-100 elementor-top-column elementor-element elementor-element-c938d5b\" data-id=\"c938d5b\" data-element_type=\"column\" data-e-type=\"column\">\n\t\t\t<div class=\"elementor-widget-wrap elementor-element-populated\">\n\t\t\t\t\t\t<div class=\"elementor-element elementor-element-384d453 elementor-widget elementor-widget-text-editor\" data-id=\"384d453\" data-element_type=\"widget\" data-e-type=\"widget\" data-widget_type=\"text-editor.default\">\n\t\t\t\t<div class=\"elementor-widget-container\">\n\t\t\t\t\t\t\t\t\t<p style=\"text-align: center; font-size: 35px;\">Workshop <span style=\"color: #e56d03;\"><strong>Exclusivo <\/strong><\/span>para empresas de <span style=\"color: #e56d03;\"><strong>Ecuador<\/strong><\/span><\/p><p style=\"text-align: center; font-size: 22px;\">\u00a0<\/p>\t\t\t\t\t\t\t\t<\/div>\n\t\t\t\t<\/div>\n\t\t\t\t\t<\/div>\n\t\t<\/div>\n\t\t\t\t\t<\/div>\n\t\t<\/section>\n\t\t\t\t<section class=\"elementor-section elementor-top-section elementor-element elementor-element-fb90647 elementor-section-stretched elementor-section-boxed elementor-section-height-default elementor-section-height-default\" data-id=\"fb90647\" data-element_type=\"section\" data-e-type=\"section\" data-settings=\"{&quot;stretch_section&quot;:&quot;section-stretched&quot;,&quot;background_background&quot;:&quot;classic&quot;}\">\n\t\t\t\t\t\t<div class=\"elementor-container elementor-column-gap-default\">\n\t\t\t\t\t<div class=\"elementor-column elementor-col-50 elementor-top-column elementor-element elementor-element-f0d88d7\" data-id=\"f0d88d7\" data-element_type=\"column\" data-e-type=\"column\">\n\t\t\t<div class=\"elementor-widget-wrap elementor-element-populated\">\n\t\t\t\t\t\t<div class=\"elementor-element elementor-element-e5b33ac elementor-widget elementor-widget-heading\" data-id=\"e5b33ac\" data-element_type=\"widget\" data-e-type=\"widget\" data-widget_type=\"heading.default\">\n\t\t\t\t<div class=\"elementor-widget-container\">\n\t\t\t\t\t<h4 class=\"elementor-heading-title elementor-size-default\">Un espacio para encontrar herramientas pr\u00e1cticas y respuestas a preguntas como:<\/h4>\t\t\t\t<\/div>\n\t\t\t\t<\/div>\n\t\t\t\t<div class=\"elementor-element elementor-element-483f1f0 elementor-widget elementor-widget-text-editor\" data-id=\"483f1f0\" data-element_type=\"widget\" data-e-type=\"widget\" data-widget_type=\"text-editor.default\">\n\t\t\t\t<div class=\"elementor-widget-container\">\n\t\t\t\t\t\t\t\t\t<h4>\n<\/h4><h5>\n<ul>\n<li><strong>\u00bfSabes si tu empresa gana o pierde?<\/strong><\/li>\n<\/ul>\n<\/h5>\n\n<h4>\n<\/h4><h5>\n<ul>\n<li>\u00bfQu\u00e9 hay que mirar para saber d\u00f3nde est\u00e1s parado?<\/li>\n<\/ul>\n<\/h5>\n\n<h2>\n<\/h2>\n<h1>\n<\/h1>\n<h6>\n<\/h6>\n<h4>\n<\/h4><h5>\n<ul>\n<li>\u00bfC\u00f3mo diferenciar las decisiones econ\u00f3micas de las financieras?<\/li>\n<\/ul>\n<\/h5>\t\t\t\t\t\t\t\t<\/div>\n\t\t\t\t<\/div>\n\t\t\t\t\t<\/div>\n\t\t<\/div>\n\t\t\t\t<div class=\"elementor-column elementor-col-50 elementor-top-column elementor-element elementor-element-545485f\" data-id=\"545485f\" data-element_type=\"column\" data-e-type=\"column\">\n\t\t\t<div class=\"elementor-widget-wrap elementor-element-populated\">\n\t\t\t\t\t\t<div class=\"elementor-element elementor-element-565b571 elementor-widget elementor-widget-video\" data-id=\"565b571\" data-element_type=\"widget\" data-e-type=\"widget\" data-settings=\"{&quot;youtube_url&quot;:&quot;https:\\\/\\\/www.youtube.com\\\/watch?v=QF95221_XNE&quot;,&quot;video_type&quot;:&quot;youtube&quot;,&quot;controls&quot;:&quot;yes&quot;}\" data-widget_type=\"video.default\">\n\t\t\t\t<div class=\"elementor-widget-container\">\n\t\t\t\t\t\t\t<div class=\"elementor-wrapper elementor-open-inline\">\n\t\t\t<div class=\"elementor-video\"><\/div>\t\t<\/div>\n\t\t\t\t\t\t<\/div>\n\t\t\t\t<\/div>\n\t\t\t\t\t<\/div>\n\t\t<\/div>\n\t\t\t\t\t<\/div>\n\t\t<\/section>\n\t\t\t\t<section class=\"elementor-section elementor-top-section elementor-element elementor-element-538c277 elementor-section-boxed elementor-section-height-default elementor-section-height-default\" data-id=\"538c277\" data-element_type=\"section\" data-e-type=\"section\">\n\t\t\t\t\t\t<div class=\"elementor-container elementor-column-gap-default\">\n\t\t\t\t\t<div class=\"elementor-column elementor-col-50 elementor-top-column elementor-element elementor-element-67acae0\" data-id=\"67acae0\" data-element_type=\"column\" data-e-type=\"column\">\n\t\t\t<div class=\"elementor-widget-wrap elementor-element-populated\">\n\t\t\t\t\t\t<div class=\"elementor-element elementor-element-f9cbfd2 elementor-widget elementor-widget-image\" data-id=\"f9cbfd2\" data-element_type=\"widget\" data-e-type=\"widget\" data-widget_type=\"image.default\">\n\t\t\t\t<div class=\"elementor-widget-container\">\n\t\t\t\t\t\t\t\t\t\t\t\t\t\t\t<img decoding=\"async\" src=\"https:\/\/quirosconsultores.com\/ec-finanzas\/wp-content\/uploads\/sites\/6\/2020\/12\/Hernan-de-la-Riva.jpg\" title=\"\" alt=\"Quir\u00f3s Consultores - especialistas en Pymes - Hernan-de-la-Riva\" loading=\"lazy\" \/>\t\t\t\t\t\t\t\t\t\t\t\t\t\t\t<\/div>\n\t\t\t\t<\/div>\n\t\t\t\t\t<\/div>\n\t\t<\/div>\n\t\t\t\t<div class=\"elementor-column elementor-col-50 elementor-top-column elementor-element elementor-element-fdd1f39\" data-id=\"fdd1f39\" data-element_type=\"column\" data-e-type=\"column\">\n\t\t\t<div class=\"elementor-widget-wrap elementor-element-populated\">\n\t\t\t\t\t\t<div class=\"elementor-element elementor-element-d46574c elementor-widget elementor-widget-heading\" data-id=\"d46574c\" data-element_type=\"widget\" data-e-type=\"widget\" data-widget_type=\"heading.default\">\n\t\t\t\t<div class=\"elementor-widget-container\">\n\t\t\t\t\t<h2 class=\"elementor-heading-title elementor-size-default\">Hern\u00e1n De La Riva<\/h2>\t\t\t\t<\/div>\n\t\t\t\t<\/div>\n\t\t\t\t<div class=\"elementor-element elementor-element-7e463d8 elementor-widget elementor-widget-text-editor\" data-id=\"7e463d8\" data-element_type=\"widget\" data-e-type=\"widget\" data-widget_type=\"text-editor.default\">\n\t\t\t\t<div class=\"elementor-widget-container\">\n\t\t\t\t\t\t\t\t\t<p>Especialista en Gesti\u00f3n de Pymes, Socio Director en Quir\u00f3s Consultores<br>Con m\u00e1s de 500 pymes asesoradas, actualmente dirige el equipo de 18 consultores que asesoran a las empresas clientes para lograr sus objetivos de gesti\u00f3n y aumentar la calidad de vida de sus due\u00f1os y directivos.<\/p>\t\t\t\t\t\t\t\t<\/div>\n\t\t\t\t<\/div>\n\t\t\t\t\t<\/div>\n\t\t<\/div>\n\t\t\t\t\t<\/div>\n\t\t<\/section>\n\t\t\t\t<section class=\"elementor-section elementor-top-section elementor-element elementor-element-92b55d6 elementor-section-boxed elementor-section-height-default elementor-section-height-default\" data-id=\"92b55d6\" data-element_type=\"section\" data-e-type=\"section\">\n\t\t\t\t\t\t<div class=\"elementor-container elementor-column-gap-default\">\n\t\t\t\t\t<div class=\"elementor-column elementor-col-50 elementor-top-column elementor-element elementor-element-b61b6ab\" data-id=\"b61b6ab\" data-element_type=\"column\" data-e-type=\"column\">\n\t\t\t<div class=\"elementor-widget-wrap\">\n\t\t\t\t\t\t\t<\/div>\n\t\t<\/div>\n\t\t\t\t<div class=\"elementor-column elementor-col-50 elementor-top-column elementor-element elementor-element-58f3d4f\" data-id=\"58f3d4f\" data-element_type=\"column\" data-e-type=\"column\">\n\t\t\t<div class=\"elementor-widget-wrap\">\n\t\t\t\t\t\t\t<\/div>\n\t\t<\/div>\n\t\t\t\t\t<\/div>\n\t\t<\/section>\n\t\t\t\t<\/div>\n\t\t","protected":false},"excerpt":{"rendered":"<p>C\u00f3mo ordenar las finanzas sin saber de finanzas PLAN DE NEGOCIOS Workshop online Acceda al zoom del evento haciendo click en el siguiente bot\u00f3n. Acceder al evento ID de reuni\u00f3n: 299 956 6989 10 de Marzo \/ 5PM ECUADOR&nbsp; [waiting [&hellip;]<\/p>\n","protected":false},"author":1,"featured_media":6610,"parent":0,"menu_order":0,"comment_status":"closed","ping_status":"closed","template":"","meta":{"footnotes":""},"class_list":["post-10669","page","type-page","status-publish","has-post-thumbnail","hentry"],"yoast_head":"<!-- This site is optimized with the Yoast SEO plugin v27.5 - https:\/\/yoast.com\/product\/yoast-seo-wordpress\/ -->\n<title>Quir\u00f3s Consultores - Enlace Pasar la posta - Expertos en empresas<\/title>\n<meta name=\"description\" content=\"Quir\u00f3s Consultores - Empresa Familiar. Intervenciones puntuales logran una apertura de posiciones que mejoran inmediatamente las relaciones\" \/>\n<meta name=\"robots\" content=\"index, follow, max-snippet:-1, max-image-preview:large, max-video-preview:-1\" \/>\n<link rel=\"canonical\" href=\"https:\/\/quirosconsultores.com\/pasarlaposta\/enlace-pasar-la-posta\/\" \/>\n<meta property=\"og:locale\" content=\"es_ES\" \/>\n<meta property=\"og:type\" content=\"article\" \/>\n<meta property=\"og:title\" content=\"Quir\u00f3s Consultores - Enlace Pasar la posta - Expertos en empresas\" \/>\n<meta property=\"og:description\" content=\"Quir\u00f3s Consultores - Empresa Familiar. Intervenciones puntuales logran una apertura de posiciones que mejoran inmediatamente las relaciones\" \/>\n<meta property=\"og:url\" content=\"https:\/\/quirosconsultores.com\/pasarlaposta\/enlace-pasar-la-posta\/\" \/>\n<meta property=\"og:site_name\" content=\"Pasar la posta\" \/>\n<meta property=\"article:modified_time\" content=\"2022-07-19T15:27:42+00:00\" \/>\n<meta property=\"og:image\" content=\"https:\/\/quirosconsultores.com\/pasarlaposta\/wp-content\/uploads\/sites\/19\/2020\/02\/logo-quiros.png\" \/>\n\t<meta property=\"og:image:width\" content=\"342\" \/>\n\t<meta property=\"og:image:height\" content=\"109\" \/>\n\t<meta property=\"og:image:type\" content=\"image\/png\" \/>\n<meta name=\"twitter:card\" content=\"summary_large_image\" \/>\n<meta name=\"twitter:label1\" content=\"Tiempo de lectura\" \/>\n\t<meta name=\"twitter:data1\" content=\"2 minutos\" \/>\n<script type=\"application\/ld+json\" class=\"yoast-schema-graph\">{\"@context\":\"https:\\\/\\\/schema.org\",\"@graph\":[{\"@type\":\"WebPage\",\"@id\":\"https:\\\/\\\/quirosconsultores.com\\\/pasarlaposta\\\/enlace-pasar-la-posta\\\/\",\"url\":\"https:\\\/\\\/quirosconsultores.com\\\/pasarlaposta\\\/enlace-pasar-la-posta\\\/\",\"name\":\"Quir\u00f3s Consultores - Enlace Pasar la posta - Expertos en empresas\",\"isPartOf\":{\"@id\":\"https:\\\/\\\/quirosconsultores.com\\\/pasarlaposta\\\/#website\"},\"primaryImageOfPage\":{\"@id\":\"https:\\\/\\\/quirosconsultores.com\\\/pasarlaposta\\\/enlace-pasar-la-posta\\\/#primaryimage\"},\"image\":{\"@id\":\"https:\\\/\\\/quirosconsultores.com\\\/pasarlaposta\\\/enlace-pasar-la-posta\\\/#primaryimage\"},\"thumbnailUrl\":\"https:\\\/\\\/quirosconsultores.com\\\/pasarlaposta\\\/wp-content\\\/uploads\\\/sites\\\/19\\\/2020\\\/02\\\/logo-quiros.png\",\"datePublished\":\"2022-03-04T21:36:57+00:00\",\"dateModified\":\"2022-07-19T15:27:42+00:00\",\"description\":\"Quir\u00f3s Consultores - Empresa Familiar. Intervenciones puntuales logran una apertura de posiciones que mejoran inmediatamente las relaciones\",\"breadcrumb\":{\"@id\":\"https:\\\/\\\/quirosconsultores.com\\\/pasarlaposta\\\/enlace-pasar-la-posta\\\/#breadcrumb\"},\"inLanguage\":\"es\",\"potentialAction\":[{\"@type\":\"ReadAction\",\"target\":[\"https:\\\/\\\/quirosconsultores.com\\\/pasarlaposta\\\/enlace-pasar-la-posta\\\/\"]}]},{\"@type\":\"ImageObject\",\"inLanguage\":\"es\",\"@id\":\"https:\\\/\\\/quirosconsultores.com\\\/pasarlaposta\\\/enlace-pasar-la-posta\\\/#primaryimage\",\"url\":\"https:\\\/\\\/quirosconsultores.com\\\/pasarlaposta\\\/wp-content\\\/uploads\\\/sites\\\/19\\\/2020\\\/02\\\/logo-quiros.png\",\"contentUrl\":\"https:\\\/\\\/quirosconsultores.com\\\/pasarlaposta\\\/wp-content\\\/uploads\\\/sites\\\/19\\\/2020\\\/02\\\/logo-quiros.png\",\"width\":342,\"height\":109,\"caption\":\"Elevamos tu capacidad empresaria, transformamos tu organizaci\u00f3n y te guiamos a los resultados que buscas para tu negocio\"},{\"@type\":\"BreadcrumbList\",\"@id\":\"https:\\\/\\\/quirosconsultores.com\\\/pasarlaposta\\\/enlace-pasar-la-posta\\\/#breadcrumb\",\"itemListElement\":[{\"@type\":\"ListItem\",\"position\":1,\"name\":\"Portada\",\"item\":\"https:\\\/\\\/quirosconsultores.com\\\/pasarlaposta\\\/\"},{\"@type\":\"ListItem\",\"position\":2,\"name\":\"Enlace Pasar la posta\"}]},{\"@type\":\"WebSite\",\"@id\":\"https:\\\/\\\/quirosconsultores.com\\\/pasarlaposta\\\/#website\",\"url\":\"https:\\\/\\\/quirosconsultores.com\\\/pasarlaposta\\\/\",\"name\":\"Pasar la posta\",\"description\":\"Mart\u00edn Quir\u00f3s\",\"potentialAction\":[{\"@type\":\"SearchAction\",\"target\":{\"@type\":\"EntryPoint\",\"urlTemplate\":\"https:\\\/\\\/quirosconsultores.com\\\/pasarlaposta\\\/?s={search_term_string}\"},\"query-input\":{\"@type\":\"PropertyValueSpecification\",\"valueRequired\":true,\"valueName\":\"search_term_string\"}}],\"inLanguage\":\"es\"}]}<\/script>\n<!-- \/ Yoast SEO plugin. -->","yoast_head_json":{"title":"Quir\u00f3s Consultores - Enlace Pasar la posta - Expertos en empresas","description":"Quir\u00f3s Consultores - Empresa Familiar. Intervenciones puntuales logran una apertura de posiciones que mejoran inmediatamente las relaciones","robots":{"index":"index","follow":"follow","max-snippet":"max-snippet:-1","max-image-preview":"max-image-preview:large","max-video-preview":"max-video-preview:-1"},"canonical":"https:\/\/quirosconsultores.com\/pasarlaposta\/enlace-pasar-la-posta\/","og_locale":"es_ES","og_type":"article","og_title":"Quir\u00f3s Consultores - Enlace Pasar la posta - Expertos en empresas","og_description":"Quir\u00f3s Consultores - Empresa Familiar. Intervenciones puntuales logran una apertura de posiciones que mejoran inmediatamente las relaciones","og_url":"https:\/\/quirosconsultores.com\/pasarlaposta\/enlace-pasar-la-posta\/","og_site_name":"Pasar la posta","article_modified_time":"2022-07-19T15:27:42+00:00","og_image":[{"width":342,"height":109,"url":"https:\/\/quirosconsultores.com\/pasarlaposta\/wp-content\/uploads\/sites\/19\/2020\/02\/logo-quiros.png","type":"image\/png"}],"twitter_card":"summary_large_image","twitter_misc":{"Tiempo de lectura":"2 minutos"},"schema":{"@context":"https:\/\/schema.org","@graph":[{"@type":"WebPage","@id":"https:\/\/quirosconsultores.com\/pasarlaposta\/enlace-pasar-la-posta\/","url":"https:\/\/quirosconsultores.com\/pasarlaposta\/enlace-pasar-la-posta\/","name":"Quir\u00f3s Consultores - Enlace Pasar la posta - Expertos en empresas","isPartOf":{"@id":"https:\/\/quirosconsultores.com\/pasarlaposta\/#website"},"primaryImageOfPage":{"@id":"https:\/\/quirosconsultores.com\/pasarlaposta\/enlace-pasar-la-posta\/#primaryimage"},"image":{"@id":"https:\/\/quirosconsultores.com\/pasarlaposta\/enlace-pasar-la-posta\/#primaryimage"},"thumbnailUrl":"https:\/\/quirosconsultores.com\/pasarlaposta\/wp-content\/uploads\/sites\/19\/2020\/02\/logo-quiros.png","datePublished":"2022-03-04T21:36:57+00:00","dateModified":"2022-07-19T15:27:42+00:00","description":"Quir\u00f3s Consultores - Empresa Familiar. Intervenciones puntuales logran una apertura de posiciones que mejoran inmediatamente las relaciones","breadcrumb":{"@id":"https:\/\/quirosconsultores.com\/pasarlaposta\/enlace-pasar-la-posta\/#breadcrumb"},"inLanguage":"es","potentialAction":[{"@type":"ReadAction","target":["https:\/\/quirosconsultores.com\/pasarlaposta\/enlace-pasar-la-posta\/"]}]},{"@type":"ImageObject","inLanguage":"es","@id":"https:\/\/quirosconsultores.com\/pasarlaposta\/enlace-pasar-la-posta\/#primaryimage","url":"https:\/\/quirosconsultores.com\/pasarlaposta\/wp-content\/uploads\/sites\/19\/2020\/02\/logo-quiros.png","contentUrl":"https:\/\/quirosconsultores.com\/pasarlaposta\/wp-content\/uploads\/sites\/19\/2020\/02\/logo-quiros.png","width":342,"height":109,"caption":"Elevamos tu capacidad empresaria, transformamos tu organizaci\u00f3n y te guiamos a los resultados que buscas para tu negocio"},{"@type":"BreadcrumbList","@id":"https:\/\/quirosconsultores.com\/pasarlaposta\/enlace-pasar-la-posta\/#breadcrumb","itemListElement":[{"@type":"ListItem","position":1,"name":"Portada","item":"https:\/\/quirosconsultores.com\/pasarlaposta\/"},{"@type":"ListItem","position":2,"name":"Enlace Pasar la posta"}]},{"@type":"WebSite","@id":"https:\/\/quirosconsultores.com\/pasarlaposta\/#website","url":"https:\/\/quirosconsultores.com\/pasarlaposta\/","name":"Pasar la posta","description":"Mart\u00edn Quir\u00f3s","potentialAction":[{"@type":"SearchAction","target":{"@type":"EntryPoint","urlTemplate":"https:\/\/quirosconsultores.com\/pasarlaposta\/?s={search_term_string}"},"query-input":{"@type":"PropertyValueSpecification","valueRequired":true,"valueName":"search_term_string"}}],"inLanguage":"es"}]}},"_links":{"self":[{"href":"https:\/\/quirosconsultores.com\/pasarlaposta\/wp-json\/wp\/v2\/pages\/10669","targetHints":{"allow":["GET"]}}],"collection":[{"href":"https:\/\/quirosconsultores.com\/pasarlaposta\/wp-json\/wp\/v2\/pages"}],"about":[{"href":"https:\/\/quirosconsultores.com\/pasarlaposta\/wp-json\/wp\/v2\/types\/page"}],"author":[{"embeddable":true,"href":"https:\/\/quirosconsultores.com\/pasarlaposta\/wp-json\/wp\/v2\/users\/1"}],"replies":[{"embeddable":true,"href":"https:\/\/quirosconsultores.com\/pasarlaposta\/wp-json\/wp\/v2\/comments?post=10669"}],"version-history":[{"count":20,"href":"https:\/\/quirosconsultores.com\/pasarlaposta\/wp-json\/wp\/v2\/pages\/10669\/revisions"}],"predecessor-version":[{"id":10863,"href":"https:\/\/quirosconsultores.com\/pasarlaposta\/wp-json\/wp\/v2\/pages\/10669\/revisions\/10863"}],"wp:featuredmedia":[{"embeddable":true,"href":"https:\/\/quirosconsultores.com\/pasarlaposta\/wp-json\/wp\/v2\/media\/6610"}],"wp:attachment":[{"href":"https:\/\/quirosconsultores.com\/pasarlaposta\/wp-json\/wp\/v2\/media?parent=10669"}],"curies":[{"name":"wp","href":"https:\/\/api.w.org\/{rel}","templated":true}]}}